{"id":2107,"date":"2026-03-27T06:28:04","date_gmt":"2026-03-27T06:28:04","guid":{"rendered":"https:\/\/rpettableware.com\/?post_type=product&#038;p=2107"},"modified":"2026-04-09T08:15:09","modified_gmt":"2026-04-09T08:15:09","slug":"stackable-clear-rpet-desktop-storage-tray","status":"publish","type":"product","link":"https:\/\/rpettableware.com\/da\/vare\/stackable-clear-rpet-desktop-storage-tray\/","title":{"rendered":"Stackable Clear rPET Storage Tray &#8211; Rectangular Design for Desk Organization"},"content":{"rendered":"<table>\n<tbody>\n<tr>\n<td width=\"1136\"><strong><b>FUNKTIONER:<\/b><\/strong><\/td>\n<\/tr>\n<tr>\n<td width=\"1136\">1. Den har en helt klar krop med skridsikker bund pr\u00e6get med tern.<\/td>\n<\/tr>\n<tr>\n<td width=\"1136\">2. Kropsformen er designet til at kunne stables, hvilket hj\u00e6lper med at spare plads.<\/td>\n<\/tr>\n<tr>\n<td width=\"1136\">3. Denne kollektion omfatter 4 forskellige st\u00f8rrelser, der er designet til at passe til en r\u00e6kke forskellige brugsscenarier og opfylde forskellige opbevaringsbehov.<\/td>\n<\/tr>\n<tr>\n<td width=\"1136\">4. Temperaturtolerance: -20 \u00b0C til 60 \u00b0C.<\/td>\n<\/tr>\n<tr>\n<td width=\"1136\">5. H\u00f8j stabilitet i f\u00f8devaresikkerhedstest LFGB og FDA.<\/td>\n<\/tr>\n<tr>\n<td width=\"1136\">6. Farven kan tilpasses i henhold til den \u00f8nskede farve. Den enkle og alsidige klare farvel\u00f8se version er dog den bedst s\u00e6lgende mulighed.<\/td>\n<\/tr>\n<tr>\n<td width=\"1136\">7. M\u00e5 ikke bruges i mikrob\u00f8lgeovn eller opvaskemaskine.<\/td>\n<\/tr>\n<tr>\n<td width=\"1136\">8. Anbefales til opbevaring af b\u00f8ger eller diverse.<\/td>\n<\/tr>\n<tr>\n<td width=\"1136\">9. I overensstemmelse med den gr\u00f8nne filosofi om energieffektivitet, emissionsreduktion og genbrug af ressourcer.<\/td>\n<\/tr>\n<tr>\n<td width=\"1136\">10. Passer perfekt til koncepter som energibesparelse, emissionsreduktion og cirkul\u00e6r udnyttelse.<\/td>\n<\/tr>\n<\/tbody>\n<\/table>","protected":false},"excerpt":{"rendered":"<p><strong>\u25cf Perfekt til organisering og opbevaring p\u00e5 skrivebordet.<\/strong><\/p>\n<p><strong>\u25cf M\u00e5 ikke bruges i mikrob\u00f8lgeovn eller opvaskemaskine.<\/strong><\/p>\n<p><strong>\u25cf F\u00f8devaresikker.<\/strong><\/p>","protected":false},"featured_media":2112,"comment_status":"open","ping_status":"closed","template":"","meta":{"_acf_changed":false},"product_brand":[],"product_cat":[65,60,59,66,38,39],"product_tag":[],"class_list":{"0":"post-2107","1":"product","2":"type-product","3":"status-publish","4":"has-post-thumbnail","6":"product_cat-ecoessentials-tableware-your-core-sustainable-basics-reborn","7":"product_cat-rpet-storage-container-collection-for-cold-foods-organization","8":"product_cat-find-your-fit-a-guide-to-our-rpet-tableware-grades","9":"product_cat-meal-prep-kitchen-organization-trays-recycled-reusable","10":"product_cat-food-grade-rpet-tableware-material-properties-certifications-reborn","11":"product_cat-rpet-collection-100-recycled-pet-tableware-certified-food-grade-reborn","13":"first","14":"instock","15":"shipping-taxable","16":"product-type-simple"},"acf":[],"yoast_head":"<!-- This site is optimized with the Yoast SEO plugin v27.3 - https:\/\/yoast.com\/product\/yoast-seo-wordpress\/ -->\n<title>Stackable Clear rPET Storage Tray - Rectangular Design for Desk Organization - rpettableware.com<\/title>\n<meta name=\"description\" content=\"Declutter your workspace with efficiency. This stackable clear tray, made from durable recycled rPET, keeps desk essentials visible and within reach. Its rectangular design maximizes space, perfect for organizing stationery, tech accessories, or cosmetics. A sustainable solution for a tidy desk, vanity, or workshop.\" \/>\n<meta name=\"robots\" content=\"index, follow, max-snippet:-1, max-image-preview:large, max-video-preview:-1\" \/>\n<link rel=\"canonical\" href=\"https:\/\/rpettableware.com\/da\/vare\/stackable-clear-rpet-desktop-storage-tray\/\" \/>\n<meta property=\"og:locale\" content=\"da_DK\" \/>\n<meta property=\"og:type\" content=\"article\" \/>\n<meta property=\"og:title\" content=\"Stackable Clear rPET Storage Tray - Rectangular Design for Desk Organization - rpettableware.com\" \/>\n<meta property=\"og:description\" content=\"Declutter your workspace with efficiency. This stackable clear tray, made from durable recycled rPET, keeps desk essentials visible and within reach. Its rectangular design maximizes space, perfect for organizing stationery, tech accessories, or cosmetics. A sustainable solution for a tidy desk, vanity, or workshop.\" \/>\n<meta property=\"og:url\" content=\"https:\/\/rpettableware.com\/da\/vare\/stackable-clear-rpet-desktop-storage-tray\/\" \/>\n<meta property=\"og:site_name\" content=\"rpettableware.com\" \/>\n<meta property=\"article:modified_time\" content=\"2026-04-09T08:15:09+00:00\" \/>\n<meta property=\"og:image\" content=\"https:\/\/rpettableware.com\/wp-content\/uploads\/2026\/03\/CK151604.jpg\" \/>\n\t<meta property=\"og:image:width\" content=\"800\" \/>\n\t<meta property=\"og:image:height\" content=\"800\" \/>\n\t<meta property=\"og:image:type\" content=\"image\/jpeg\" \/>\n<meta name=\"twitter:card\" content=\"summary_large_image\" \/>\n<meta name=\"twitter:label1\" content=\"Estimeret l\u00e6setid\" \/>\n\t<meta name=\"twitter:data1\" content=\"1 minut\" \/>\n<script type=\"application\/ld+json\" class=\"yoast-schema-graph\">{\"@context\":\"https:\\\/\\\/schema.org\",\"@graph\":[{\"@type\":\"WebPage\",\"@id\":\"https:\\\/\\\/rpettableware.com\\\/product\\\/stackable-clear-rpet-desktop-storage-tray\\\/\",\"url\":\"https:\\\/\\\/rpettableware.com\\\/product\\\/stackable-clear-rpet-desktop-storage-tray\\\/\",\"name\":\"Stackable Clear rPET Storage Tray - Rectangular Design for Desk Organization - rpettableware.com\",\"isPartOf\":{\"@id\":\"https:\\\/\\\/rpettableware.com\\\/#website\"},\"primaryImageOfPage\":{\"@id\":\"https:\\\/\\\/rpettableware.com\\\/product\\\/stackable-clear-rpet-desktop-storage-tray\\\/#primaryimage\"},\"image\":{\"@id\":\"https:\\\/\\\/rpettableware.com\\\/product\\\/stackable-clear-rpet-desktop-storage-tray\\\/#primaryimage\"},\"thumbnailUrl\":\"https:\\\/\\\/rpettableware.com\\\/wp-content\\\/uploads\\\/2026\\\/03\\\/CK151604.jpg\",\"datePublished\":\"2026-03-27T06:28:04+00:00\",\"dateModified\":\"2026-04-09T08:15:09+00:00\",\"description\":\"Declutter your workspace with efficiency. This stackable clear tray, made from durable recycled rPET, keeps desk essentials visible and within reach. Its rectangular design maximizes space, perfect for organizing stationery, tech accessories, or cosmetics. A sustainable solution for a tidy desk, vanity, or workshop.\",\"breadcrumb\":{\"@id\":\"https:\\\/\\\/rpettableware.com\\\/product\\\/stackable-clear-rpet-desktop-storage-tray\\\/#breadcrumb\"},\"inLanguage\":\"da-DK\",\"potentialAction\":[{\"@type\":\"ReadAction\",\"target\":[\"https:\\\/\\\/rpettableware.com\\\/product\\\/stackable-clear-rpet-desktop-storage-tray\\\/\"]}]},{\"@type\":\"ImageObject\",\"inLanguage\":\"da-DK\",\"@id\":\"https:\\\/\\\/rpettableware.com\\\/product\\\/stackable-clear-rpet-desktop-storage-tray\\\/#primaryimage\",\"url\":\"https:\\\/\\\/rpettableware.com\\\/wp-content\\\/uploads\\\/2026\\\/03\\\/CK151604.jpg\",\"contentUrl\":\"https:\\\/\\\/rpettableware.com\\\/wp-content\\\/uploads\\\/2026\\\/03\\\/CK151604.jpg\",\"width\":800,\"height\":800},{\"@type\":\"BreadcrumbList\",\"@id\":\"https:\\\/\\\/rpettableware.com\\\/product\\\/stackable-clear-rpet-desktop-storage-tray\\\/#breadcrumb\",\"itemListElement\":[{\"@type\":\"ListItem\",\"position\":1,\"name\":\"\u9996\u9875\",\"item\":\"https:\\\/\\\/rpettableware.com\\\/\"},{\"@type\":\"ListItem\",\"position\":2,\"name\":\"Products\",\"item\":\"https:\\\/\\\/rpettableware.com\\\/shop\\\/\"},{\"@type\":\"ListItem\",\"position\":3,\"name\":\"Stackable Clear rPET Storage Tray &#8211; Rectangular Design for Desk Organization\"}]},{\"@type\":\"WebSite\",\"@id\":\"https:\\\/\\\/rpettableware.com\\\/#website\",\"url\":\"https:\\\/\\\/rpettableware.com\\\/\",\"name\":\"rpettableware.com\",\"description\":\"\",\"publisher\":{\"@id\":\"https:\\\/\\\/rpettableware.com\\\/#organization\"},\"potentialAction\":[{\"@type\":\"SearchAction\",\"target\":{\"@type\":\"EntryPoint\",\"urlTemplate\":\"https:\\\/\\\/rpettableware.com\\\/?s={search_term_string}\"},\"query-input\":{\"@type\":\"PropertyValueSpecification\",\"valueRequired\":true,\"valueName\":\"search_term_string\"}}],\"inLanguage\":\"da-DK\"},{\"@type\":\"Organization\",\"@id\":\"https:\\\/\\\/rpettableware.com\\\/#organization\",\"name\":\"rpettableware.com\",\"url\":\"https:\\\/\\\/rpettableware.com\\\/\",\"logo\":{\"@type\":\"ImageObject\",\"inLanguage\":\"da-DK\",\"@id\":\"https:\\\/\\\/rpettableware.com\\\/#\\\/schema\\\/logo\\\/image\\\/\",\"url\":\"https:\\\/\\\/rpettableware.com\\\/wp-content\\\/uploads\\\/2026\\\/01\\\/\u5fae\u4fe1\u56fe\u7247_20260110125128_808_2451-removebg-preview.png\",\"contentUrl\":\"https:\\\/\\\/rpettableware.com\\\/wp-content\\\/uploads\\\/2026\\\/01\\\/\u5fae\u4fe1\u56fe\u7247_20260110125128_808_2451-removebg-preview.png\",\"width\":500,\"height\":500,\"caption\":\"rpettableware.com\"},\"image\":{\"@id\":\"https:\\\/\\\/rpettableware.com\\\/#\\\/schema\\\/logo\\\/image\\\/\"}}]}<\/script>\n<!-- \/ Yoast SEO plugin. -->","yoast_head_json":{"title":"Stackable Clear rPET Storage Tray - Rectangular Design for Desk Organization - rpettableware.com","description":"Declutter your workspace with efficiency. This stackable clear tray, made from durable recycled rPET, keeps desk essentials visible and within reach. Its rectangular design maximizes space, perfect for organizing stationery, tech accessories, or cosmetics. A sustainable solution for a tidy desk, vanity, or workshop.","robots":{"index":"index","follow":"follow","max-snippet":"max-snippet:-1","max-image-preview":"max-image-preview:large","max-video-preview":"max-video-preview:-1"},"canonical":"https:\/\/rpettableware.com\/da\/vare\/stackable-clear-rpet-desktop-storage-tray\/","og_locale":"da_DK","og_type":"article","og_title":"Stackable Clear rPET Storage Tray - Rectangular Design for Desk Organization - rpettableware.com","og_description":"Declutter your workspace with efficiency. This stackable clear tray, made from durable recycled rPET, keeps desk essentials visible and within reach. Its rectangular design maximizes space, perfect for organizing stationery, tech accessories, or cosmetics. A sustainable solution for a tidy desk, vanity, or workshop.","og_url":"https:\/\/rpettableware.com\/da\/vare\/stackable-clear-rpet-desktop-storage-tray\/","og_site_name":"rpettableware.com","article_modified_time":"2026-04-09T08:15:09+00:00","og_image":[{"width":800,"height":800,"url":"https:\/\/rpettableware.com\/wp-content\/uploads\/2026\/03\/CK151604.jpg","type":"image\/jpeg"}],"twitter_card":"summary_large_image","twitter_misc":{"Estimeret l\u00e6setid":"1 minut"},"schema":{"@context":"https:\/\/schema.org","@graph":[{"@type":"WebPage","@id":"https:\/\/rpettableware.com\/product\/stackable-clear-rpet-desktop-storage-tray\/","url":"https:\/\/rpettableware.com\/product\/stackable-clear-rpet-desktop-storage-tray\/","name":"Stackable Clear rPET Storage Tray - Rectangular Design for Desk Organization - rpettableware.com","isPartOf":{"@id":"https:\/\/rpettableware.com\/#website"},"primaryImageOfPage":{"@id":"https:\/\/rpettableware.com\/product\/stackable-clear-rpet-desktop-storage-tray\/#primaryimage"},"image":{"@id":"https:\/\/rpettableware.com\/product\/stackable-clear-rpet-desktop-storage-tray\/#primaryimage"},"thumbnailUrl":"https:\/\/rpettableware.com\/wp-content\/uploads\/2026\/03\/CK151604.jpg","datePublished":"2026-03-27T06:28:04+00:00","dateModified":"2026-04-09T08:15:09+00:00","description":"Declutter your workspace with efficiency. This stackable clear tray, made from durable recycled rPET, keeps desk essentials visible and within reach. Its rectangular design maximizes space, perfect for organizing stationery, tech accessories, or cosmetics. A sustainable solution for a tidy desk, vanity, or workshop.","breadcrumb":{"@id":"https:\/\/rpettableware.com\/product\/stackable-clear-rpet-desktop-storage-tray\/#breadcrumb"},"inLanguage":"da-DK","potentialAction":[{"@type":"ReadAction","target":["https:\/\/rpettableware.com\/product\/stackable-clear-rpet-desktop-storage-tray\/"]}]},{"@type":"ImageObject","inLanguage":"da-DK","@id":"https:\/\/rpettableware.com\/product\/stackable-clear-rpet-desktop-storage-tray\/#primaryimage","url":"https:\/\/rpettableware.com\/wp-content\/uploads\/2026\/03\/CK151604.jpg","contentUrl":"https:\/\/rpettableware.com\/wp-content\/uploads\/2026\/03\/CK151604.jpg","width":800,"height":800},{"@type":"BreadcrumbList","@id":"https:\/\/rpettableware.com\/product\/stackable-clear-rpet-desktop-storage-tray\/#breadcrumb","itemListElement":[{"@type":"ListItem","position":1,"name":"\u9996\u9875","item":"https:\/\/rpettableware.com\/"},{"@type":"ListItem","position":2,"name":"Products","item":"https:\/\/rpettableware.com\/shop\/"},{"@type":"ListItem","position":3,"name":"Stackable Clear rPET Storage Tray &#8211; Rectangular Design for Desk Organization"}]},{"@type":"WebSite","@id":"https:\/\/rpettableware.com\/#website","url":"https:\/\/rpettableware.com\/","name":"rpettableware.com","description":"","publisher":{"@id":"https:\/\/rpettableware.com\/#organization"},"potentialAction":[{"@type":"SearchAction","target":{"@type":"EntryPoint","urlTemplate":"https:\/\/rpettableware.com\/?s={search_term_string}"},"query-input":{"@type":"PropertyValueSpecification","valueRequired":true,"valueName":"search_term_string"}}],"inLanguage":"da-DK"},{"@type":"Organization","@id":"https:\/\/rpettableware.com\/#organization","name":"rpettableware.com","url":"https:\/\/rpettableware.com\/","logo":{"@type":"ImageObject","inLanguage":"da-DK","@id":"https:\/\/rpettableware.com\/#\/schema\/logo\/image\/","url":"https:\/\/rpettableware.com\/wp-content\/uploads\/2026\/01\/\u5fae\u4fe1\u56fe\u7247_20260110125128_808_2451-removebg-preview.png","contentUrl":"https:\/\/rpettableware.com\/wp-content\/uploads\/2026\/01\/\u5fae\u4fe1\u56fe\u7247_20260110125128_808_2451-removebg-preview.png","width":500,"height":500,"caption":"rpettableware.com"},"image":{"@id":"https:\/\/rpettableware.com\/#\/schema\/logo\/image\/"}}]}},"_links":{"self":[{"href":"https:\/\/rpettableware.com\/da\/wp-json\/wp\/v2\/product\/2107","targetHints":{"allow":["GET"]}}],"collection":[{"href":"https:\/\/rpettableware.com\/da\/wp-json\/wp\/v2\/product"}],"about":[{"href":"https:\/\/rpettableware.com\/da\/wp-json\/wp\/v2\/types\/product"}],"replies":[{"embeddable":true,"href":"https:\/\/rpettableware.com\/da\/wp-json\/wp\/v2\/comments?post=2107"}],"wp:featuredmedia":[{"embeddable":true,"href":"https:\/\/rpettableware.com\/da\/wp-json\/wp\/v2\/media\/2112"}],"wp:attachment":[{"href":"https:\/\/rpettableware.com\/da\/wp-json\/wp\/v2\/media?parent=2107"}],"wp:term":[{"taxonomy":"product_brand","embeddable":true,"href":"https:\/\/rpettableware.com\/da\/wp-json\/wp\/v2\/product_brand?post=2107"},{"taxonomy":"product_cat","embeddable":true,"href":"https:\/\/rpettableware.com\/da\/wp-json\/wp\/v2\/product_cat?post=2107"},{"taxonomy":"product_tag","embeddable":true,"href":"https:\/\/rpettableware.com\/da\/wp-json\/wp\/v2\/product_tag?post=2107"}],"curies":[{"name":"wp","href":"https:\/\/api.w.org\/{rel}","templated":true}]}}