{"id":1989,"date":"2026-03-23T09:05:55","date_gmt":"2026-03-23T09:05:55","guid":{"rendered":"https:\/\/rpettableware.com\/?post_type=product&#038;p=1989"},"modified":"2026-04-09T08:37:53","modified_gmt":"2026-04-09T08:37:53","slug":"set-of-3pcs-clear-rpet-square-food-storage-box-with-lock-lid","status":"publish","type":"product","link":"https:\/\/rpettableware.com\/fr\/produit\/set-of-3pcs-clear-rpet-square-food-storage-box-with-lock-lid\/","title":{"rendered":"Lot de 3 bo\u00eetes carr\u00e9es transparentes en PETr avec couvercle verrouill\u00e9"},"content":{"rendered":"<table>\n<tbody>\n<tr>\n<td width=\"1136\"><strong><b>CARACT\u00c9RISTIQUES :<\/b><\/strong><\/td>\n<\/tr>\n<tr>\n<td width=\"1136\">1. Il est dot\u00e9 d'un corps enti\u00e8rement transparent et de fermetures en PP sur les quatre c\u00f4t\u00e9s, con\u00e7ues pour renforcer la s\u00e9curit\u00e9, garantir une fermeture plus herm\u00e9tique et emp\u00eacher efficacement le transfert d'odeurs.<\/td>\n<\/tr>\n<tr>\n<td width=\"1136\">2. Chaque ensemble comprend trois conteneurs de capacit\u00e9s diff\u00e9rentes, con\u00e7us pour r\u00e9pondre \u00e0 diff\u00e9rents sc\u00e9narios d'utilisation et besoins de capacit\u00e9.<\/td>\n<\/tr>\n<tr>\n<td width=\"1136\">3. Tol\u00e9rance de temp\u00e9rature : -20\u2103 \u00e0 60\u2103.<\/td>\n<\/tr>\n<tr>\n<td width=\"1136\">4. Grande stabilit\u00e9 du test de s\u00e9curit\u00e9 alimentaire LFGB et FDA.<\/td>\n<\/tr>\n<tr>\n<td width=\"1136\">5. La couleur des 4 serrures et du joint en silicone peut \u00eatre personnalis\u00e9e en fonction de la couleur demand\u00e9e.<\/td>\n<\/tr>\n<tr>\n<td width=\"1136\">6. Ne pas utiliser au micro-ondes ou au lave-vaisselle.<\/td>\n<\/tr>\n<tr>\n<td width=\"1136\">7. Recommand\u00e9 pour conserver les aliments tels que les noix, les snacks, les c\u00e9r\u00e9ales, etc.<\/td>\n<\/tr>\n<tr>\n<td width=\"1136\">8. Respecter la philosophie verte en mati\u00e8re d'efficacit\u00e9 \u00e9nerg\u00e9tique, de r\u00e9duction des \u00e9missions et de r\u00e9utilisation des ressources.<\/td>\n<\/tr>\n<tr>\n<td width=\"1136\">9. Convient parfaitement \u00e0 des concepts tels que les \u00e9conomies d'\u00e9nergie, la r\u00e9duction des \u00e9missions et l'utilisation circulaire.<\/td>\n<\/tr>\n<\/tbody>\n<\/table>","protected":false},"excerpt":{"rendered":"<p><strong>\u25cf Parfait pour diff\u00e9rents sc\u00e9narios d'utilisation et besoins de capacit\u00e9.<\/strong><\/p>\n<p><strong>\u25cf Ne pas utiliser au micro-ondes ou au lave-vaisselle.<\/strong><\/p>\n<p><strong>\u25cf Sans danger pour les aliments.<\/strong><\/p>","protected":false},"featured_media":1992,"comment_status":"open","ping_status":"closed","template":"","meta":{"_acf_changed":false},"product_brand":[],"product_cat":[60,59,61,38,39,57],"product_tag":[],"class_list":{"0":"post-1989","1":"product","2":"type-product","3":"status-publish","4":"has-post-thumbnail","6":"product_cat-rpet-storage-container-collection-for-cold-foods-organization","7":"product_cat-find-your-fit-a-guide-to-our-rpet-tableware-grades","8":"product_cat-storage-boxes-organizers-clear-stackable-durable-rpet","9":"product_cat-food-grade-rpet-tableware-material-properties-certifications-reborn","10":"product_cat-rpet-collection-100-recycled-pet-tableware-certified-food-grade-reborn","11":"product_cat-food-containers-airtight-storage-for-meal-prep-leftovers-rpet","13":"first","14":"instock","15":"shipping-taxable","16":"product-type-simple"},"acf":[],"yoast_head":"<!-- This site is optimized with the Yoast SEO plugin v27.3 - https:\/\/yoast.com\/product\/yoast-seo-wordpress\/ -->\n<title>Set of 3pcs Clear rPET Square Food Storage Box with Lock lid - rpettableware.com<\/title>\n<meta name=\"description\" content=\"Create an efficient kitchen system. This set of 3 square containers with locking lids keeps your food fresh and visible. Made from sturdy recycled plastic, they\u2019re ideal for portioning snacks, organizing ingredients, or packing neat lunches\u2014all while reducing single-use waste.\" \/>\n<meta name=\"robots\" content=\"index, follow, max-snippet:-1, max-image-preview:large, max-video-preview:-1\" \/>\n<link rel=\"canonical\" href=\"https:\/\/rpettableware.com\/fr\/produit\/set-of-3pcs-clear-rpet-square-food-storage-box-with-lock-lid\/\" \/>\n<meta property=\"og:locale\" content=\"fr_FR\" \/>\n<meta property=\"og:type\" content=\"article\" \/>\n<meta property=\"og:title\" content=\"Set of 3pcs Clear rPET Square Food Storage Box with Lock lid - rpettableware.com\" \/>\n<meta property=\"og:description\" content=\"Create an efficient kitchen system. This set of 3 square containers with locking lids keeps your food fresh and visible. Made from sturdy recycled plastic, they\u2019re ideal for portioning snacks, organizing ingredients, or packing neat lunches\u2014all while reducing single-use waste.\" \/>\n<meta property=\"og:url\" content=\"https:\/\/rpettableware.com\/fr\/produit\/set-of-3pcs-clear-rpet-square-food-storage-box-with-lock-lid\/\" \/>\n<meta property=\"og:site_name\" content=\"rpettableware.com\" \/>\n<meta property=\"article:modified_time\" content=\"2026-04-09T08:37:53+00:00\" \/>\n<meta property=\"og:image\" content=\"https:\/\/rpettableware.com\/wp-content\/uploads\/2026\/03\/CK12478\uff082\uff09.jpg\" \/>\n\t<meta property=\"og:image:width\" content=\"800\" \/>\n\t<meta property=\"og:image:height\" content=\"800\" \/>\n\t<meta property=\"og:image:type\" content=\"image\/jpeg\" \/>\n<meta name=\"twitter:card\" content=\"summary_large_image\" \/>\n<meta name=\"twitter:label1\" content=\"Dur\u00e9e de lecture estim\u00e9e\" \/>\n\t<meta name=\"twitter:data1\" content=\"1 minute\" \/>\n<script type=\"application\/ld+json\" class=\"yoast-schema-graph\">{\"@context\":\"https:\\\/\\\/schema.org\",\"@graph\":[{\"@type\":\"WebPage\",\"@id\":\"https:\\\/\\\/rpettableware.com\\\/product\\\/set-of-3pcs-clear-rpet-square-food-storage-box-with-lock-lid\\\/\",\"url\":\"https:\\\/\\\/rpettableware.com\\\/product\\\/set-of-3pcs-clear-rpet-square-food-storage-box-with-lock-lid\\\/\",\"name\":\"Set of 3pcs Clear rPET Square Food Storage Box with Lock lid - rpettableware.com\",\"isPartOf\":{\"@id\":\"https:\\\/\\\/rpettableware.com\\\/#website\"},\"primaryImageOfPage\":{\"@id\":\"https:\\\/\\\/rpettableware.com\\\/product\\\/set-of-3pcs-clear-rpet-square-food-storage-box-with-lock-lid\\\/#primaryimage\"},\"image\":{\"@id\":\"https:\\\/\\\/rpettableware.com\\\/product\\\/set-of-3pcs-clear-rpet-square-food-storage-box-with-lock-lid\\\/#primaryimage\"},\"thumbnailUrl\":\"https:\\\/\\\/rpettableware.com\\\/wp-content\\\/uploads\\\/2026\\\/03\\\/CK12478\uff082\uff09.jpg\",\"datePublished\":\"2026-03-23T09:05:55+00:00\",\"dateModified\":\"2026-04-09T08:37:53+00:00\",\"description\":\"Create an efficient kitchen system. This set of 3 square containers with locking lids keeps your food fresh and visible. Made from sturdy recycled plastic, they\u2019re ideal for portioning snacks, organizing ingredients, or packing neat lunches\u2014all while reducing single-use waste.\",\"breadcrumb\":{\"@id\":\"https:\\\/\\\/rpettableware.com\\\/product\\\/set-of-3pcs-clear-rpet-square-food-storage-box-with-lock-lid\\\/#breadcrumb\"},\"inLanguage\":\"fr-FR\",\"potentialAction\":[{\"@type\":\"ReadAction\",\"target\":[\"https:\\\/\\\/rpettableware.com\\\/product\\\/set-of-3pcs-clear-rpet-square-food-storage-box-with-lock-lid\\\/\"]}]},{\"@type\":\"ImageObject\",\"inLanguage\":\"fr-FR\",\"@id\":\"https:\\\/\\\/rpettableware.com\\\/product\\\/set-of-3pcs-clear-rpet-square-food-storage-box-with-lock-lid\\\/#primaryimage\",\"url\":\"https:\\\/\\\/rpettableware.com\\\/wp-content\\\/uploads\\\/2026\\\/03\\\/CK12478\uff082\uff09.jpg\",\"contentUrl\":\"https:\\\/\\\/rpettableware.com\\\/wp-content\\\/uploads\\\/2026\\\/03\\\/CK12478\uff082\uff09.jpg\",\"width\":800,\"height\":800},{\"@type\":\"BreadcrumbList\",\"@id\":\"https:\\\/\\\/rpettableware.com\\\/product\\\/set-of-3pcs-clear-rpet-square-food-storage-box-with-lock-lid\\\/#breadcrumb\",\"itemListElement\":[{\"@type\":\"ListItem\",\"position\":1,\"name\":\"\u9996\u9875\",\"item\":\"https:\\\/\\\/rpettableware.com\\\/\"},{\"@type\":\"ListItem\",\"position\":2,\"name\":\"Products\",\"item\":\"https:\\\/\\\/rpettableware.com\\\/shop\\\/\"},{\"@type\":\"ListItem\",\"position\":3,\"name\":\"Set of 3pcs Clear rPET Square Food Storage Box with Lock lid\"}]},{\"@type\":\"WebSite\",\"@id\":\"https:\\\/\\\/rpettableware.com\\\/#website\",\"url\":\"https:\\\/\\\/rpettableware.com\\\/\",\"name\":\"rpettableware.com\",\"description\":\"\",\"publisher\":{\"@id\":\"https:\\\/\\\/rpettableware.com\\\/#organization\"},\"potentialAction\":[{\"@type\":\"SearchAction\",\"target\":{\"@type\":\"EntryPoint\",\"urlTemplate\":\"https:\\\/\\\/rpettableware.com\\\/?s={search_term_string}\"},\"query-input\":{\"@type\":\"PropertyValueSpecification\",\"valueRequired\":true,\"valueName\":\"search_term_string\"}}],\"inLanguage\":\"fr-FR\"},{\"@type\":\"Organization\",\"@id\":\"https:\\\/\\\/rpettableware.com\\\/#organization\",\"name\":\"rpettableware.com\",\"url\":\"https:\\\/\\\/rpettableware.com\\\/\",\"logo\":{\"@type\":\"ImageObject\",\"inLanguage\":\"fr-FR\",\"@id\":\"https:\\\/\\\/rpettableware.com\\\/#\\\/schema\\\/logo\\\/image\\\/\",\"url\":\"https:\\\/\\\/rpettableware.com\\\/wp-content\\\/uploads\\\/2026\\\/01\\\/\u5fae\u4fe1\u56fe\u7247_20260110125128_808_2451-removebg-preview.png\",\"contentUrl\":\"https:\\\/\\\/rpettableware.com\\\/wp-content\\\/uploads\\\/2026\\\/01\\\/\u5fae\u4fe1\u56fe\u7247_20260110125128_808_2451-removebg-preview.png\",\"width\":500,\"height\":500,\"caption\":\"rpettableware.com\"},\"image\":{\"@id\":\"https:\\\/\\\/rpettableware.com\\\/#\\\/schema\\\/logo\\\/image\\\/\"}}]}<\/script>\n<!-- \/ Yoast SEO plugin. -->","yoast_head_json":{"title":"Set of 3pcs Clear rPET Square Food Storage Box with Lock lid - rpettableware.com","description":"Create an efficient kitchen system. This set of 3 square containers with locking lids keeps your food fresh and visible. Made from sturdy recycled plastic, they\u2019re ideal for portioning snacks, organizing ingredients, or packing neat lunches\u2014all while reducing single-use waste.","robots":{"index":"index","follow":"follow","max-snippet":"max-snippet:-1","max-image-preview":"max-image-preview:large","max-video-preview":"max-video-preview:-1"},"canonical":"https:\/\/rpettableware.com\/fr\/produit\/set-of-3pcs-clear-rpet-square-food-storage-box-with-lock-lid\/","og_locale":"fr_FR","og_type":"article","og_title":"Set of 3pcs Clear rPET Square Food Storage Box with Lock lid - rpettableware.com","og_description":"Create an efficient kitchen system. This set of 3 square containers with locking lids keeps your food fresh and visible. Made from sturdy recycled plastic, they\u2019re ideal for portioning snacks, organizing ingredients, or packing neat lunches\u2014all while reducing single-use waste.","og_url":"https:\/\/rpettableware.com\/fr\/produit\/set-of-3pcs-clear-rpet-square-food-storage-box-with-lock-lid\/","og_site_name":"rpettableware.com","article_modified_time":"2026-04-09T08:37:53+00:00","og_image":[{"width":800,"height":800,"url":"https:\/\/rpettableware.com\/wp-content\/uploads\/2026\/03\/CK12478\uff082\uff09.jpg","type":"image\/jpeg"}],"twitter_card":"summary_large_image","twitter_misc":{"Dur\u00e9e de lecture estim\u00e9e":"1 minute"},"schema":{"@context":"https:\/\/schema.org","@graph":[{"@type":"WebPage","@id":"https:\/\/rpettableware.com\/product\/set-of-3pcs-clear-rpet-square-food-storage-box-with-lock-lid\/","url":"https:\/\/rpettableware.com\/product\/set-of-3pcs-clear-rpet-square-food-storage-box-with-lock-lid\/","name":"Set of 3pcs Clear rPET Square Food Storage Box with Lock lid - rpettableware.com","isPartOf":{"@id":"https:\/\/rpettableware.com\/#website"},"primaryImageOfPage":{"@id":"https:\/\/rpettableware.com\/product\/set-of-3pcs-clear-rpet-square-food-storage-box-with-lock-lid\/#primaryimage"},"image":{"@id":"https:\/\/rpettableware.com\/product\/set-of-3pcs-clear-rpet-square-food-storage-box-with-lock-lid\/#primaryimage"},"thumbnailUrl":"https:\/\/rpettableware.com\/wp-content\/uploads\/2026\/03\/CK12478\uff082\uff09.jpg","datePublished":"2026-03-23T09:05:55+00:00","dateModified":"2026-04-09T08:37:53+00:00","description":"Create an efficient kitchen system. This set of 3 square containers with locking lids keeps your food fresh and visible. Made from sturdy recycled plastic, they\u2019re ideal for portioning snacks, organizing ingredients, or packing neat lunches\u2014all while reducing single-use waste.","breadcrumb":{"@id":"https:\/\/rpettableware.com\/product\/set-of-3pcs-clear-rpet-square-food-storage-box-with-lock-lid\/#breadcrumb"},"inLanguage":"fr-FR","potentialAction":[{"@type":"ReadAction","target":["https:\/\/rpettableware.com\/product\/set-of-3pcs-clear-rpet-square-food-storage-box-with-lock-lid\/"]}]},{"@type":"ImageObject","inLanguage":"fr-FR","@id":"https:\/\/rpettableware.com\/product\/set-of-3pcs-clear-rpet-square-food-storage-box-with-lock-lid\/#primaryimage","url":"https:\/\/rpettableware.com\/wp-content\/uploads\/2026\/03\/CK12478\uff082\uff09.jpg","contentUrl":"https:\/\/rpettableware.com\/wp-content\/uploads\/2026\/03\/CK12478\uff082\uff09.jpg","width":800,"height":800},{"@type":"BreadcrumbList","@id":"https:\/\/rpettableware.com\/product\/set-of-3pcs-clear-rpet-square-food-storage-box-with-lock-lid\/#breadcrumb","itemListElement":[{"@type":"ListItem","position":1,"name":"\u9996\u9875","item":"https:\/\/rpettableware.com\/"},{"@type":"ListItem","position":2,"name":"Products","item":"https:\/\/rpettableware.com\/shop\/"},{"@type":"ListItem","position":3,"name":"Set of 3pcs Clear rPET Square Food Storage Box with Lock lid"}]},{"@type":"WebSite","@id":"https:\/\/rpettableware.com\/#website","url":"https:\/\/rpettableware.com\/","name":"rpettableware.com","description":"","publisher":{"@id":"https:\/\/rpettableware.com\/#organization"},"potentialAction":[{"@type":"SearchAction","target":{"@type":"EntryPoint","urlTemplate":"https:\/\/rpettableware.com\/?s={search_term_string}"},"query-input":{"@type":"PropertyValueSpecification","valueRequired":true,"valueName":"search_term_string"}}],"inLanguage":"fr-FR"},{"@type":"Organization","@id":"https:\/\/rpettableware.com\/#organization","name":"rpettableware.com","url":"https:\/\/rpettableware.com\/","logo":{"@type":"ImageObject","inLanguage":"fr-FR","@id":"https:\/\/rpettableware.com\/#\/schema\/logo\/image\/","url":"https:\/\/rpettableware.com\/wp-content\/uploads\/2026\/01\/\u5fae\u4fe1\u56fe\u7247_20260110125128_808_2451-removebg-preview.png","contentUrl":"https:\/\/rpettableware.com\/wp-content\/uploads\/2026\/01\/\u5fae\u4fe1\u56fe\u7247_20260110125128_808_2451-removebg-preview.png","width":500,"height":500,"caption":"rpettableware.com"},"image":{"@id":"https:\/\/rpettableware.com\/#\/schema\/logo\/image\/"}}]}},"_links":{"self":[{"href":"https:\/\/rpettableware.com\/fr\/wp-json\/wp\/v2\/product\/1989","targetHints":{"allow":["GET"]}}],"collection":[{"href":"https:\/\/rpettableware.com\/fr\/wp-json\/wp\/v2\/product"}],"about":[{"href":"https:\/\/rpettableware.com\/fr\/wp-json\/wp\/v2\/types\/product"}],"replies":[{"embeddable":true,"href":"https:\/\/rpettableware.com\/fr\/wp-json\/wp\/v2\/comments?post=1989"}],"wp:featuredmedia":[{"embeddable":true,"href":"https:\/\/rpettableware.com\/fr\/wp-json\/wp\/v2\/media\/1992"}],"wp:attachment":[{"href":"https:\/\/rpettableware.com\/fr\/wp-json\/wp\/v2\/media?parent=1989"}],"wp:term":[{"taxonomy":"product_brand","embeddable":true,"href":"https:\/\/rpettableware.com\/fr\/wp-json\/wp\/v2\/product_brand?post=1989"},{"taxonomy":"product_cat","embeddable":true,"href":"https:\/\/rpettableware.com\/fr\/wp-json\/wp\/v2\/product_cat?post=1989"},{"taxonomy":"product_tag","embeddable":true,"href":"https:\/\/rpettableware.com\/fr\/wp-json\/wp\/v2\/product_tag?post=1989"}],"curies":[{"name":"wp","href":"https:\/\/api.w.org\/{rel}","templated":true}]}}