{"id":2043,"date":"2026-03-25T08:48:02","date_gmt":"2026-03-25T08:48:02","guid":{"rendered":"https:\/\/rpettableware.com\/?post_type=product&#038;p=2043"},"modified":"2026-04-09T08:29:44","modified_gmt":"2026-04-09T08:29:44","slug":"2900ml-clear-rpet-juice-dispenser","status":"publish","type":"product","link":"https:\/\/rpettableware.com\/fr\/produit\/2900ml-clear-rpet-juice-dispenser\/","title":{"rendered":"Distributeur de jus de fruits 2900ml rPET clair"},"content":{"rendered":"<table>\n<tbody>\n<tr>\n<td width=\"1136\"><strong><b>CARACT\u00c9RISTIQUES :<\/b><\/strong><\/td>\n<\/tr>\n<tr>\n<td width=\"1136\">1. Il se compose d'un corps transparent \u00e0 rayures en PET et d'un couvercle en PP \u00e0 pression. Le couvercle est dot\u00e9 d'une ouverture pour un remplissage pratique et d'un filtre int\u00e9gr\u00e9, ce qui le rend id\u00e9al pour l'infusion de boissons telles que la limonade.<\/td>\n<\/tr>\n<tr>\n<td width=\"1136\">2. La forme du corps est con\u00e7ue pour \u00eatre empilable, ce qui permet d'\u00e9conomiser de l'espace.<\/td>\n<\/tr>\n<tr>\n<td width=\"1136\">3. Il est dot\u00e9 d'un bec verseur pour faciliter la distribution des boissons.<\/td>\n<\/tr>\n<tr>\n<td width=\"1136\">4. Tol\u00e9rance de temp\u00e9rature : -20\u2103 \u00e0 60\u2103.<\/td>\n<\/tr>\n<tr>\n<td width=\"1136\">5. La couleur du couvercle et de l'infuseur peut \u00eatre personnalis\u00e9e sur demande.<\/td>\n<\/tr>\n<tr>\n<td width=\"1136\">6. Grande stabilit\u00e9 du test de s\u00e9curit\u00e9 alimentaire LFGB et FDA.<\/td>\n<\/tr>\n<tr>\n<td width=\"1136\">7. Ne pas utiliser au micro-ondes ou au lave-vaisselle.<\/td>\n<\/tr>\n<tr>\n<td width=\"1136\">8. Respecter la philosophie verte en mati\u00e8re d'efficacit\u00e9 \u00e9nerg\u00e9tique, de r\u00e9duction des \u00e9missions et de r\u00e9utilisation des ressources.<\/td>\n<\/tr>\n<tr>\n<td width=\"1136\">9. Convient parfaitement \u00e0 des concepts tels que les \u00e9conomies d'\u00e9nergie, la r\u00e9duction des \u00e9missions et l'utilisation circulaire.<\/td>\n<\/tr>\n<\/tbody>\n<\/table>\n<p>&nbsp;<\/p>","protected":false},"excerpt":{"rendered":"<p><strong>\u25cf Parfait pour les boissons froides.<\/strong><\/p>\n<p><strong>\u25cf Ne pas utiliser au micro-ondes ou au lave-vaisselle.<\/strong><\/p>\n<p><strong>\u25cf Sans danger pour les aliments.<\/strong><\/p>","protected":false},"featured_media":2038,"comment_status":"open","ping_status":"closed","template":"","meta":{"_acf_changed":false},"product_brand":[],"product_cat":[60,59,61,38,39,57],"product_tag":[],"class_list":{"0":"post-2043","1":"product","2":"type-product","3":"status-publish","4":"has-post-thumbnail","6":"product_cat-rpet-storage-container-collection-for-cold-foods-organization","7":"product_cat-find-your-fit-a-guide-to-our-rpet-tableware-grades","8":"product_cat-storage-boxes-organizers-clear-stackable-durable-rpet","9":"product_cat-food-grade-rpet-tableware-material-properties-certifications-reborn","10":"product_cat-rpet-collection-100-recycled-pet-tableware-certified-food-grade-reborn","11":"product_cat-food-containers-airtight-storage-for-meal-prep-leftovers-rpet","13":"first","14":"instock","15":"shipping-taxable","16":"product-type-simple"},"acf":[],"yoast_head":"<!-- This site is optimized with the Yoast SEO plugin v27.3 - https:\/\/yoast.com\/product\/yoast-seo-wordpress\/ -->\n<title>2900ml Clear rPET Juice Dispenser - rpettableware.com<\/title>\n<meta name=\"description\" content=\"Elevate your gatherings and reduce waste. Our 3-liter clear dispenser made from recycled plastic is a safe, stylish, and reusable centerpiece for any event. Perfect for homemade lemonade, sangria, or infused water\u2014making sustainable hydration easy and beautiful for your home or small business.\" \/>\n<meta name=\"robots\" content=\"index, follow, max-snippet:-1, max-image-preview:large, max-video-preview:-1\" \/>\n<link rel=\"canonical\" href=\"https:\/\/rpettableware.com\/fr\/produit\/2900ml-clear-rpet-juice-dispenser\/\" \/>\n<meta property=\"og:locale\" content=\"fr_FR\" \/>\n<meta property=\"og:type\" content=\"article\" \/>\n<meta property=\"og:title\" content=\"2900ml Clear rPET Juice Dispenser - rpettableware.com\" \/>\n<meta property=\"og:description\" content=\"Elevate your gatherings and reduce waste. Our 3-liter clear dispenser made from recycled plastic is a safe, stylish, and reusable centerpiece for any event. Perfect for homemade lemonade, sangria, or infused water\u2014making sustainable hydration easy and beautiful for your home or small business.\" \/>\n<meta property=\"og:url\" content=\"https:\/\/rpettableware.com\/fr\/produit\/2900ml-clear-rpet-juice-dispenser\/\" \/>\n<meta property=\"og:site_name\" content=\"rpettableware.com\" \/>\n<meta property=\"article:modified_time\" content=\"2026-04-09T08:29:44+00:00\" \/>\n<meta property=\"og:image\" content=\"https:\/\/rpettableware.com\/wp-content\/uploads\/2026\/03\/CK124772.jpg\" \/>\n\t<meta property=\"og:image:width\" content=\"800\" \/>\n\t<meta property=\"og:image:height\" content=\"800\" \/>\n\t<meta property=\"og:image:type\" content=\"image\/jpeg\" \/>\n<meta name=\"twitter:card\" content=\"summary_large_image\" \/>\n<meta name=\"twitter:label1\" content=\"Dur\u00e9e de lecture estim\u00e9e\" \/>\n\t<meta name=\"twitter:data1\" content=\"1 minute\" \/>\n<script type=\"application\/ld+json\" class=\"yoast-schema-graph\">{\"@context\":\"https:\\\/\\\/schema.org\",\"@graph\":[{\"@type\":\"WebPage\",\"@id\":\"https:\\\/\\\/rpettableware.com\\\/product\\\/2900ml-clear-rpet-juice-dispenser\\\/\",\"url\":\"https:\\\/\\\/rpettableware.com\\\/product\\\/2900ml-clear-rpet-juice-dispenser\\\/\",\"name\":\"2900ml Clear rPET Juice Dispenser - rpettableware.com\",\"isPartOf\":{\"@id\":\"https:\\\/\\\/rpettableware.com\\\/#website\"},\"primaryImageOfPage\":{\"@id\":\"https:\\\/\\\/rpettableware.com\\\/product\\\/2900ml-clear-rpet-juice-dispenser\\\/#primaryimage\"},\"image\":{\"@id\":\"https:\\\/\\\/rpettableware.com\\\/product\\\/2900ml-clear-rpet-juice-dispenser\\\/#primaryimage\"},\"thumbnailUrl\":\"https:\\\/\\\/rpettableware.com\\\/wp-content\\\/uploads\\\/2026\\\/03\\\/CK124772.jpg\",\"datePublished\":\"2026-03-25T08:48:02+00:00\",\"dateModified\":\"2026-04-09T08:29:44+00:00\",\"description\":\"Elevate your gatherings and reduce waste. Our 3-liter clear dispenser made from recycled plastic is a safe, stylish, and reusable centerpiece for any event. Perfect for homemade lemonade, sangria, or infused water\u2014making sustainable hydration easy and beautiful for your home or small business.\",\"breadcrumb\":{\"@id\":\"https:\\\/\\\/rpettableware.com\\\/product\\\/2900ml-clear-rpet-juice-dispenser\\\/#breadcrumb\"},\"inLanguage\":\"fr-FR\",\"potentialAction\":[{\"@type\":\"ReadAction\",\"target\":[\"https:\\\/\\\/rpettableware.com\\\/product\\\/2900ml-clear-rpet-juice-dispenser\\\/\"]}]},{\"@type\":\"ImageObject\",\"inLanguage\":\"fr-FR\",\"@id\":\"https:\\\/\\\/rpettableware.com\\\/product\\\/2900ml-clear-rpet-juice-dispenser\\\/#primaryimage\",\"url\":\"https:\\\/\\\/rpettableware.com\\\/wp-content\\\/uploads\\\/2026\\\/03\\\/CK124772.jpg\",\"contentUrl\":\"https:\\\/\\\/rpettableware.com\\\/wp-content\\\/uploads\\\/2026\\\/03\\\/CK124772.jpg\",\"width\":800,\"height\":800},{\"@type\":\"BreadcrumbList\",\"@id\":\"https:\\\/\\\/rpettableware.com\\\/product\\\/2900ml-clear-rpet-juice-dispenser\\\/#breadcrumb\",\"itemListElement\":[{\"@type\":\"ListItem\",\"position\":1,\"name\":\"\u9996\u9875\",\"item\":\"https:\\\/\\\/rpettableware.com\\\/\"},{\"@type\":\"ListItem\",\"position\":2,\"name\":\"Products\",\"item\":\"https:\\\/\\\/rpettableware.com\\\/shop\\\/\"},{\"@type\":\"ListItem\",\"position\":3,\"name\":\"2900ml Clear rPET Juice Dispenser\"}]},{\"@type\":\"WebSite\",\"@id\":\"https:\\\/\\\/rpettableware.com\\\/#website\",\"url\":\"https:\\\/\\\/rpettableware.com\\\/\",\"name\":\"rpettableware.com\",\"description\":\"\",\"publisher\":{\"@id\":\"https:\\\/\\\/rpettableware.com\\\/#organization\"},\"potentialAction\":[{\"@type\":\"SearchAction\",\"target\":{\"@type\":\"EntryPoint\",\"urlTemplate\":\"https:\\\/\\\/rpettableware.com\\\/?s={search_term_string}\"},\"query-input\":{\"@type\":\"PropertyValueSpecification\",\"valueRequired\":true,\"valueName\":\"search_term_string\"}}],\"inLanguage\":\"fr-FR\"},{\"@type\":\"Organization\",\"@id\":\"https:\\\/\\\/rpettableware.com\\\/#organization\",\"name\":\"rpettableware.com\",\"url\":\"https:\\\/\\\/rpettableware.com\\\/\",\"logo\":{\"@type\":\"ImageObject\",\"inLanguage\":\"fr-FR\",\"@id\":\"https:\\\/\\\/rpettableware.com\\\/#\\\/schema\\\/logo\\\/image\\\/\",\"url\":\"https:\\\/\\\/rpettableware.com\\\/wp-content\\\/uploads\\\/2026\\\/01\\\/\u5fae\u4fe1\u56fe\u7247_20260110125128_808_2451-removebg-preview.png\",\"contentUrl\":\"https:\\\/\\\/rpettableware.com\\\/wp-content\\\/uploads\\\/2026\\\/01\\\/\u5fae\u4fe1\u56fe\u7247_20260110125128_808_2451-removebg-preview.png\",\"width\":500,\"height\":500,\"caption\":\"rpettableware.com\"},\"image\":{\"@id\":\"https:\\\/\\\/rpettableware.com\\\/#\\\/schema\\\/logo\\\/image\\\/\"}}]}<\/script>\n<!-- \/ Yoast SEO plugin. -->","yoast_head_json":{"title":"2900ml Clear rPET Juice Dispenser - rpettableware.com","description":"Elevate your gatherings and reduce waste. Our 3-liter clear dispenser made from recycled plastic is a safe, stylish, and reusable centerpiece for any event. Perfect for homemade lemonade, sangria, or infused water\u2014making sustainable hydration easy and beautiful for your home or small business.","robots":{"index":"index","follow":"follow","max-snippet":"max-snippet:-1","max-image-preview":"max-image-preview:large","max-video-preview":"max-video-preview:-1"},"canonical":"https:\/\/rpettableware.com\/fr\/produit\/2900ml-clear-rpet-juice-dispenser\/","og_locale":"fr_FR","og_type":"article","og_title":"2900ml Clear rPET Juice Dispenser - rpettableware.com","og_description":"Elevate your gatherings and reduce waste. Our 3-liter clear dispenser made from recycled plastic is a safe, stylish, and reusable centerpiece for any event. Perfect for homemade lemonade, sangria, or infused water\u2014making sustainable hydration easy and beautiful for your home or small business.","og_url":"https:\/\/rpettableware.com\/fr\/produit\/2900ml-clear-rpet-juice-dispenser\/","og_site_name":"rpettableware.com","article_modified_time":"2026-04-09T08:29:44+00:00","og_image":[{"width":800,"height":800,"url":"https:\/\/rpettableware.com\/wp-content\/uploads\/2026\/03\/CK124772.jpg","type":"image\/jpeg"}],"twitter_card":"summary_large_image","twitter_misc":{"Dur\u00e9e de lecture estim\u00e9e":"1 minute"},"schema":{"@context":"https:\/\/schema.org","@graph":[{"@type":"WebPage","@id":"https:\/\/rpettableware.com\/product\/2900ml-clear-rpet-juice-dispenser\/","url":"https:\/\/rpettableware.com\/product\/2900ml-clear-rpet-juice-dispenser\/","name":"2900ml Clear rPET Juice Dispenser - rpettableware.com","isPartOf":{"@id":"https:\/\/rpettableware.com\/#website"},"primaryImageOfPage":{"@id":"https:\/\/rpettableware.com\/product\/2900ml-clear-rpet-juice-dispenser\/#primaryimage"},"image":{"@id":"https:\/\/rpettableware.com\/product\/2900ml-clear-rpet-juice-dispenser\/#primaryimage"},"thumbnailUrl":"https:\/\/rpettableware.com\/wp-content\/uploads\/2026\/03\/CK124772.jpg","datePublished":"2026-03-25T08:48:02+00:00","dateModified":"2026-04-09T08:29:44+00:00","description":"Elevate your gatherings and reduce waste. Our 3-liter clear dispenser made from recycled plastic is a safe, stylish, and reusable centerpiece for any event. Perfect for homemade lemonade, sangria, or infused water\u2014making sustainable hydration easy and beautiful for your home or small business.","breadcrumb":{"@id":"https:\/\/rpettableware.com\/product\/2900ml-clear-rpet-juice-dispenser\/#breadcrumb"},"inLanguage":"fr-FR","potentialAction":[{"@type":"ReadAction","target":["https:\/\/rpettableware.com\/product\/2900ml-clear-rpet-juice-dispenser\/"]}]},{"@type":"ImageObject","inLanguage":"fr-FR","@id":"https:\/\/rpettableware.com\/product\/2900ml-clear-rpet-juice-dispenser\/#primaryimage","url":"https:\/\/rpettableware.com\/wp-content\/uploads\/2026\/03\/CK124772.jpg","contentUrl":"https:\/\/rpettableware.com\/wp-content\/uploads\/2026\/03\/CK124772.jpg","width":800,"height":800},{"@type":"BreadcrumbList","@id":"https:\/\/rpettableware.com\/product\/2900ml-clear-rpet-juice-dispenser\/#breadcrumb","itemListElement":[{"@type":"ListItem","position":1,"name":"\u9996\u9875","item":"https:\/\/rpettableware.com\/"},{"@type":"ListItem","position":2,"name":"Products","item":"https:\/\/rpettableware.com\/shop\/"},{"@type":"ListItem","position":3,"name":"2900ml Clear rPET Juice Dispenser"}]},{"@type":"WebSite","@id":"https:\/\/rpettableware.com\/#website","url":"https:\/\/rpettableware.com\/","name":"rpettableware.com","description":"","publisher":{"@id":"https:\/\/rpettableware.com\/#organization"},"potentialAction":[{"@type":"SearchAction","target":{"@type":"EntryPoint","urlTemplate":"https:\/\/rpettableware.com\/?s={search_term_string}"},"query-input":{"@type":"PropertyValueSpecification","valueRequired":true,"valueName":"search_term_string"}}],"inLanguage":"fr-FR"},{"@type":"Organization","@id":"https:\/\/rpettableware.com\/#organization","name":"rpettableware.com","url":"https:\/\/rpettableware.com\/","logo":{"@type":"ImageObject","inLanguage":"fr-FR","@id":"https:\/\/rpettableware.com\/#\/schema\/logo\/image\/","url":"https:\/\/rpettableware.com\/wp-content\/uploads\/2026\/01\/\u5fae\u4fe1\u56fe\u7247_20260110125128_808_2451-removebg-preview.png","contentUrl":"https:\/\/rpettableware.com\/wp-content\/uploads\/2026\/01\/\u5fae\u4fe1\u56fe\u7247_20260110125128_808_2451-removebg-preview.png","width":500,"height":500,"caption":"rpettableware.com"},"image":{"@id":"https:\/\/rpettableware.com\/#\/schema\/logo\/image\/"}}]}},"_links":{"self":[{"href":"https:\/\/rpettableware.com\/fr\/wp-json\/wp\/v2\/product\/2043","targetHints":{"allow":["GET"]}}],"collection":[{"href":"https:\/\/rpettableware.com\/fr\/wp-json\/wp\/v2\/product"}],"about":[{"href":"https:\/\/rpettableware.com\/fr\/wp-json\/wp\/v2\/types\/product"}],"replies":[{"embeddable":true,"href":"https:\/\/rpettableware.com\/fr\/wp-json\/wp\/v2\/comments?post=2043"}],"wp:featuredmedia":[{"embeddable":true,"href":"https:\/\/rpettableware.com\/fr\/wp-json\/wp\/v2\/media\/2038"}],"wp:attachment":[{"href":"https:\/\/rpettableware.com\/fr\/wp-json\/wp\/v2\/media?parent=2043"}],"wp:term":[{"taxonomy":"product_brand","embeddable":true,"href":"https:\/\/rpettableware.com\/fr\/wp-json\/wp\/v2\/product_brand?post=2043"},{"taxonomy":"product_cat","embeddable":true,"href":"https:\/\/rpettableware.com\/fr\/wp-json\/wp\/v2\/product_cat?post=2043"},{"taxonomy":"product_tag","embeddable":true,"href":"https:\/\/rpettableware.com\/fr\/wp-json\/wp\/v2\/product_tag?post=2043"}],"curies":[{"name":"wp","href":"https:\/\/api.w.org\/{rel}","templated":true}]}}