{"id":2054,"date":"2026-03-26T09:29:38","date_gmt":"2026-03-26T09:29:38","guid":{"rendered":"https:\/\/rpettableware.com\/?post_type=product&#038;p=2054"},"modified":"2026-04-09T08:27:21","modified_gmt":"2026-04-09T08:27:21","slug":"clear-u-shaped-rpet-storage-tray-with-handles","status":"publish","type":"product","link":"https:\/\/rpettableware.com\/it\/prodotto\/clear-u-shaped-rpet-storage-tray-with-handles\/","title":{"rendered":"Vassoio di stoccaggio in rPET trasparente a forma di U con maniglie laterali"},"content":{"rendered":"<table>\n<tbody>\n<tr>\n<td width=\"1136\"><strong><b>CARATTERISTICHE:<\/b><\/strong><\/td>\n<\/tr>\n<tr>\n<td width=\"1136\">1. \u00c8 dotato di un corpo completamente trasparente con fori per la maniglia su 2 lati per facilitarne il trasporto.<\/td>\n<\/tr>\n<tr>\n<td width=\"1136\">2. La forma del corpo \u00e8 stata progettata per essere impilabile, consentendo di risparmiare spazio. Dispone di piedini estensibili per un impilamento sicuro e stabile.<\/td>\n<\/tr>\n<tr>\n<td width=\"1136\">3. Questa collezione comprende 4 diverse opzioni di dimensioni, progettate per adattarsi a vari scenari di utilizzo e soddisfare diverse esigenze di stoccaggio.<\/td>\n<\/tr>\n<tr>\n<td width=\"1136\">4. Tolleranza di temperatura: da -20\u2103 a 60\u2103.<\/td>\n<\/tr>\n<tr>\n<td width=\"1136\">5. Alta stabilit\u00e0 del test di sicurezza alimentare LFGB e FDA.<\/td>\n<\/tr>\n<tr>\n<td width=\"1136\">6. Il colore pu\u00f2 essere personalizzato in base alla richiesta. Tuttavia, la versione trasparente incolore, semplice e versatile, \u00e8 l'opzione pi\u00f9 venduta.<\/td>\n<\/tr>\n<tr>\n<td width=\"1136\">7. Non utilizzare nel microonde o in lavastoviglie.<\/td>\n<\/tr>\n<tr>\n<td width=\"1136\">8. Consigliato per riporre libri o articoli vari.<\/td>\n<\/tr>\n<tr>\n<td width=\"1136\">9. Rispetto della filosofia verde dell'efficienza energetica, della riduzione delle emissioni e del riutilizzo delle risorse.<\/td>\n<\/tr>\n<tr>\n<td width=\"1136\">10. Si adatta perfettamente a concetti come il risparmio energetico, la riduzione delle emissioni e l'utilizzo circolare.<\/td>\n<\/tr>\n<\/tbody>\n<\/table>","protected":false},"excerpt":{"rendered":"<p><strong>Perfetto per organizzare e conservare la scrivania.<\/strong><\/p>\n<p><strong>Non utilizzare in microonde o in lavastoviglie.<\/strong><\/p>\n<p><strong>Sicuro per gli alimenti.<\/strong><\/p>","protected":false},"featured_media":2057,"comment_status":"open","ping_status":"closed","template":"","meta":{"_acf_changed":false},"product_brand":[],"product_cat":[65,60,59,66,38,39],"product_tag":[],"class_list":{"0":"post-2054","1":"product","2":"type-product","3":"status-publish","4":"has-post-thumbnail","6":"product_cat-ecoessentials-tableware-your-core-sustainable-basics-reborn","7":"product_cat-rpet-storage-container-collection-for-cold-foods-organization","8":"product_cat-find-your-fit-a-guide-to-our-rpet-tableware-grades","9":"product_cat-meal-prep-kitchen-organization-trays-recycled-reusable","10":"product_cat-food-grade-rpet-tableware-material-properties-certifications-reborn","11":"product_cat-rpet-collection-100-recycled-pet-tableware-certified-food-grade-reborn","13":"first","14":"instock","15":"shipping-taxable","16":"product-type-simple"},"acf":[],"yoast_head":"<!-- This site is optimized with the Yoast SEO plugin v27.3 - https:\/\/yoast.com\/product\/yoast-seo-wordpress\/ -->\n<title>U-Shaped Clear rPET Storage Tray with Side handles - rpettableware.com<\/title>\n<meta name=\"description\" content=\"Reimagine corner space. This innovative U-shaped design fits where rectangles can\u2019t, while integrated side handles let you move an entire organized section effortlessly. Built from durable, clear rPET, it keeps items visible and your desk, bench, or vanity perfectly adaptable and clutter-free.\" \/>\n<meta name=\"robots\" content=\"index, follow, max-snippet:-1, max-image-preview:large, max-video-preview:-1\" \/>\n<link rel=\"canonical\" href=\"https:\/\/rpettableware.com\/it\/prodotto\/clear-u-shaped-rpet-storage-tray-with-handles\/\" \/>\n<meta property=\"og:locale\" content=\"it_IT\" \/>\n<meta property=\"og:type\" content=\"article\" \/>\n<meta property=\"og:title\" content=\"U-Shaped Clear rPET Storage Tray with Side handles - rpettableware.com\" \/>\n<meta property=\"og:description\" content=\"Reimagine corner space. This innovative U-shaped design fits where rectangles can\u2019t, while integrated side handles let you move an entire organized section effortlessly. Built from durable, clear rPET, it keeps items visible and your desk, bench, or vanity perfectly adaptable and clutter-free.\" \/>\n<meta property=\"og:url\" content=\"https:\/\/rpettableware.com\/it\/prodotto\/clear-u-shaped-rpet-storage-tray-with-handles\/\" \/>\n<meta property=\"og:site_name\" content=\"rpettableware.com\" \/>\n<meta property=\"article:modified_time\" content=\"2026-04-09T08:27:21+00:00\" \/>\n<meta property=\"og:image\" content=\"https:\/\/rpettableware.com\/wp-content\/uploads\/2026\/03\/CK15153B2.jpg\" \/>\n\t<meta property=\"og:image:width\" content=\"800\" \/>\n\t<meta property=\"og:image:height\" content=\"800\" \/>\n\t<meta property=\"og:image:type\" content=\"image\/jpeg\" \/>\n<meta name=\"twitter:card\" content=\"summary_large_image\" \/>\n<meta name=\"twitter:label1\" content=\"Tempo di lettura stimato\" \/>\n\t<meta name=\"twitter:data1\" content=\"1 minuto\" \/>\n<script type=\"application\/ld+json\" class=\"yoast-schema-graph\">{\"@context\":\"https:\\\/\\\/schema.org\",\"@graph\":[{\"@type\":\"WebPage\",\"@id\":\"https:\\\/\\\/rpettableware.com\\\/product\\\/clear-u-shaped-rpet-storage-tray-with-handles\\\/\",\"url\":\"https:\\\/\\\/rpettableware.com\\\/product\\\/clear-u-shaped-rpet-storage-tray-with-handles\\\/\",\"name\":\"U-Shaped Clear rPET Storage Tray with Side handles - rpettableware.com\",\"isPartOf\":{\"@id\":\"https:\\\/\\\/rpettableware.com\\\/#website\"},\"primaryImageOfPage\":{\"@id\":\"https:\\\/\\\/rpettableware.com\\\/product\\\/clear-u-shaped-rpet-storage-tray-with-handles\\\/#primaryimage\"},\"image\":{\"@id\":\"https:\\\/\\\/rpettableware.com\\\/product\\\/clear-u-shaped-rpet-storage-tray-with-handles\\\/#primaryimage\"},\"thumbnailUrl\":\"https:\\\/\\\/rpettableware.com\\\/wp-content\\\/uploads\\\/2026\\\/03\\\/CK15153B2.jpg\",\"datePublished\":\"2026-03-26T09:29:38+00:00\",\"dateModified\":\"2026-04-09T08:27:21+00:00\",\"description\":\"Reimagine corner space. This innovative U-shaped design fits where rectangles can\u2019t, while integrated side handles let you move an entire organized section effortlessly. Built from durable, clear rPET, it keeps items visible and your desk, bench, or vanity perfectly adaptable and clutter-free.\",\"breadcrumb\":{\"@id\":\"https:\\\/\\\/rpettableware.com\\\/product\\\/clear-u-shaped-rpet-storage-tray-with-handles\\\/#breadcrumb\"},\"inLanguage\":\"it-IT\",\"potentialAction\":[{\"@type\":\"ReadAction\",\"target\":[\"https:\\\/\\\/rpettableware.com\\\/product\\\/clear-u-shaped-rpet-storage-tray-with-handles\\\/\"]}]},{\"@type\":\"ImageObject\",\"inLanguage\":\"it-IT\",\"@id\":\"https:\\\/\\\/rpettableware.com\\\/product\\\/clear-u-shaped-rpet-storage-tray-with-handles\\\/#primaryimage\",\"url\":\"https:\\\/\\\/rpettableware.com\\\/wp-content\\\/uploads\\\/2026\\\/03\\\/CK15153B2.jpg\",\"contentUrl\":\"https:\\\/\\\/rpettableware.com\\\/wp-content\\\/uploads\\\/2026\\\/03\\\/CK15153B2.jpg\",\"width\":800,\"height\":800},{\"@type\":\"BreadcrumbList\",\"@id\":\"https:\\\/\\\/rpettableware.com\\\/product\\\/clear-u-shaped-rpet-storage-tray-with-handles\\\/#breadcrumb\",\"itemListElement\":[{\"@type\":\"ListItem\",\"position\":1,\"name\":\"\u9996\u9875\",\"item\":\"https:\\\/\\\/rpettableware.com\\\/\"},{\"@type\":\"ListItem\",\"position\":2,\"name\":\"Products\",\"item\":\"https:\\\/\\\/rpettableware.com\\\/shop\\\/\"},{\"@type\":\"ListItem\",\"position\":3,\"name\":\"U-Shaped Clear rPET Storage Tray with Side handles\"}]},{\"@type\":\"WebSite\",\"@id\":\"https:\\\/\\\/rpettableware.com\\\/#website\",\"url\":\"https:\\\/\\\/rpettableware.com\\\/\",\"name\":\"rpettableware.com\",\"description\":\"\",\"publisher\":{\"@id\":\"https:\\\/\\\/rpettableware.com\\\/#organization\"},\"potentialAction\":[{\"@type\":\"SearchAction\",\"target\":{\"@type\":\"EntryPoint\",\"urlTemplate\":\"https:\\\/\\\/rpettableware.com\\\/?s={search_term_string}\"},\"query-input\":{\"@type\":\"PropertyValueSpecification\",\"valueRequired\":true,\"valueName\":\"search_term_string\"}}],\"inLanguage\":\"it-IT\"},{\"@type\":\"Organization\",\"@id\":\"https:\\\/\\\/rpettableware.com\\\/#organization\",\"name\":\"rpettableware.com\",\"url\":\"https:\\\/\\\/rpettableware.com\\\/\",\"logo\":{\"@type\":\"ImageObject\",\"inLanguage\":\"it-IT\",\"@id\":\"https:\\\/\\\/rpettableware.com\\\/#\\\/schema\\\/logo\\\/image\\\/\",\"url\":\"https:\\\/\\\/rpettableware.com\\\/wp-content\\\/uploads\\\/2026\\\/01\\\/\u5fae\u4fe1\u56fe\u7247_20260110125128_808_2451-removebg-preview.png\",\"contentUrl\":\"https:\\\/\\\/rpettableware.com\\\/wp-content\\\/uploads\\\/2026\\\/01\\\/\u5fae\u4fe1\u56fe\u7247_20260110125128_808_2451-removebg-preview.png\",\"width\":500,\"height\":500,\"caption\":\"rpettableware.com\"},\"image\":{\"@id\":\"https:\\\/\\\/rpettableware.com\\\/#\\\/schema\\\/logo\\\/image\\\/\"}}]}<\/script>\n<!-- \/ Yoast SEO plugin. -->","yoast_head_json":{"title":"U-Shaped Clear rPET Storage Tray with Side handles - rpettableware.com","description":"Reimagine corner space. This innovative U-shaped design fits where rectangles can\u2019t, while integrated side handles let you move an entire organized section effortlessly. Built from durable, clear rPET, it keeps items visible and your desk, bench, or vanity perfectly adaptable and clutter-free.","robots":{"index":"index","follow":"follow","max-snippet":"max-snippet:-1","max-image-preview":"max-image-preview:large","max-video-preview":"max-video-preview:-1"},"canonical":"https:\/\/rpettableware.com\/it\/prodotto\/clear-u-shaped-rpet-storage-tray-with-handles\/","og_locale":"it_IT","og_type":"article","og_title":"U-Shaped Clear rPET Storage Tray with Side handles - rpettableware.com","og_description":"Reimagine corner space. This innovative U-shaped design fits where rectangles can\u2019t, while integrated side handles let you move an entire organized section effortlessly. Built from durable, clear rPET, it keeps items visible and your desk, bench, or vanity perfectly adaptable and clutter-free.","og_url":"https:\/\/rpettableware.com\/it\/prodotto\/clear-u-shaped-rpet-storage-tray-with-handles\/","og_site_name":"rpettableware.com","article_modified_time":"2026-04-09T08:27:21+00:00","og_image":[{"width":800,"height":800,"url":"https:\/\/rpettableware.com\/wp-content\/uploads\/2026\/03\/CK15153B2.jpg","type":"image\/jpeg"}],"twitter_card":"summary_large_image","twitter_misc":{"Tempo di lettura stimato":"1 minuto"},"schema":{"@context":"https:\/\/schema.org","@graph":[{"@type":"WebPage","@id":"https:\/\/rpettableware.com\/product\/clear-u-shaped-rpet-storage-tray-with-handles\/","url":"https:\/\/rpettableware.com\/product\/clear-u-shaped-rpet-storage-tray-with-handles\/","name":"U-Shaped Clear rPET Storage Tray with Side handles - rpettableware.com","isPartOf":{"@id":"https:\/\/rpettableware.com\/#website"},"primaryImageOfPage":{"@id":"https:\/\/rpettableware.com\/product\/clear-u-shaped-rpet-storage-tray-with-handles\/#primaryimage"},"image":{"@id":"https:\/\/rpettableware.com\/product\/clear-u-shaped-rpet-storage-tray-with-handles\/#primaryimage"},"thumbnailUrl":"https:\/\/rpettableware.com\/wp-content\/uploads\/2026\/03\/CK15153B2.jpg","datePublished":"2026-03-26T09:29:38+00:00","dateModified":"2026-04-09T08:27:21+00:00","description":"Reimagine corner space. This innovative U-shaped design fits where rectangles can\u2019t, while integrated side handles let you move an entire organized section effortlessly. Built from durable, clear rPET, it keeps items visible and your desk, bench, or vanity perfectly adaptable and clutter-free.","breadcrumb":{"@id":"https:\/\/rpettableware.com\/product\/clear-u-shaped-rpet-storage-tray-with-handles\/#breadcrumb"},"inLanguage":"it-IT","potentialAction":[{"@type":"ReadAction","target":["https:\/\/rpettableware.com\/product\/clear-u-shaped-rpet-storage-tray-with-handles\/"]}]},{"@type":"ImageObject","inLanguage":"it-IT","@id":"https:\/\/rpettableware.com\/product\/clear-u-shaped-rpet-storage-tray-with-handles\/#primaryimage","url":"https:\/\/rpettableware.com\/wp-content\/uploads\/2026\/03\/CK15153B2.jpg","contentUrl":"https:\/\/rpettableware.com\/wp-content\/uploads\/2026\/03\/CK15153B2.jpg","width":800,"height":800},{"@type":"BreadcrumbList","@id":"https:\/\/rpettableware.com\/product\/clear-u-shaped-rpet-storage-tray-with-handles\/#breadcrumb","itemListElement":[{"@type":"ListItem","position":1,"name":"\u9996\u9875","item":"https:\/\/rpettableware.com\/"},{"@type":"ListItem","position":2,"name":"Products","item":"https:\/\/rpettableware.com\/shop\/"},{"@type":"ListItem","position":3,"name":"U-Shaped Clear rPET Storage Tray with Side handles"}]},{"@type":"WebSite","@id":"https:\/\/rpettableware.com\/#website","url":"https:\/\/rpettableware.com\/","name":"rpettableware.com","description":"","publisher":{"@id":"https:\/\/rpettableware.com\/#organization"},"potentialAction":[{"@type":"SearchAction","target":{"@type":"EntryPoint","urlTemplate":"https:\/\/rpettableware.com\/?s={search_term_string}"},"query-input":{"@type":"PropertyValueSpecification","valueRequired":true,"valueName":"search_term_string"}}],"inLanguage":"it-IT"},{"@type":"Organization","@id":"https:\/\/rpettableware.com\/#organization","name":"rpettableware.com","url":"https:\/\/rpettableware.com\/","logo":{"@type":"ImageObject","inLanguage":"it-IT","@id":"https:\/\/rpettableware.com\/#\/schema\/logo\/image\/","url":"https:\/\/rpettableware.com\/wp-content\/uploads\/2026\/01\/\u5fae\u4fe1\u56fe\u7247_20260110125128_808_2451-removebg-preview.png","contentUrl":"https:\/\/rpettableware.com\/wp-content\/uploads\/2026\/01\/\u5fae\u4fe1\u56fe\u7247_20260110125128_808_2451-removebg-preview.png","width":500,"height":500,"caption":"rpettableware.com"},"image":{"@id":"https:\/\/rpettableware.com\/#\/schema\/logo\/image\/"}}]}},"_links":{"self":[{"href":"https:\/\/rpettableware.com\/it\/wp-json\/wp\/v2\/product\/2054","targetHints":{"allow":["GET"]}}],"collection":[{"href":"https:\/\/rpettableware.com\/it\/wp-json\/wp\/v2\/product"}],"about":[{"href":"https:\/\/rpettableware.com\/it\/wp-json\/wp\/v2\/types\/product"}],"replies":[{"embeddable":true,"href":"https:\/\/rpettableware.com\/it\/wp-json\/wp\/v2\/comments?post=2054"}],"wp:featuredmedia":[{"embeddable":true,"href":"https:\/\/rpettableware.com\/it\/wp-json\/wp\/v2\/media\/2057"}],"wp:attachment":[{"href":"https:\/\/rpettableware.com\/it\/wp-json\/wp\/v2\/media?parent=2054"}],"wp:term":[{"taxonomy":"product_brand","embeddable":true,"href":"https:\/\/rpettableware.com\/it\/wp-json\/wp\/v2\/product_brand?post=2054"},{"taxonomy":"product_cat","embeddable":true,"href":"https:\/\/rpettableware.com\/it\/wp-json\/wp\/v2\/product_cat?post=2054"},{"taxonomy":"product_tag","embeddable":true,"href":"https:\/\/rpettableware.com\/it\/wp-json\/wp\/v2\/product_tag?post=2054"}],"curies":[{"name":"wp","href":"https:\/\/api.w.org\/{rel}","templated":true}]}}