{"id":1755,"date":"2026-03-11T03:26:18","date_gmt":"2026-03-11T03:26:18","guid":{"rendered":"https:\/\/rpettableware.com\/?post_type=product&#038;p=1755"},"modified":"2026-04-09T09:24:09","modified_gmt":"2026-04-09T09:24:09","slug":"5-piece-bpa-free-kids-dining-set-food-grade-rpet","status":"publish","type":"product","link":"https:\/\/rpettableware.com\/pt\/produto\/5-piece-bpa-free-kids-dining-set-food-grade-rpet\/","title":{"rendered":"5-Piece BPA-Free Kids Dining Set: Bowl, Plate, Cup, Fork &#038; Spoon, Dishwasher &#038; Microwave Safe, Food-Grade RPET Plastic, Odor-Free"},"content":{"rendered":"<table>\n<tbody>\n<tr>\n<td width=\"1136\"><strong><b>CARACTER\u00cdSTICAS:<\/b><\/strong><\/td>\n<\/tr>\n<tr>\n<td width=\"1136\">1.\u00a0Made of food safe &amp; non-toxic &amp; traceable recycled PET material.<\/td>\n<\/tr>\n<tr>\n<td width=\"1136\">2.\u00a0Composed by a bowl, a plate, a cup, a fork and a spoon designed for kids.<\/td>\n<\/tr>\n<tr>\n<td width=\"1136\">3. Toler\u00e2ncia de temperatura: -20\u2103 a 100\u2103.<\/td>\n<\/tr>\n<tr>\n<td width=\"1136\">4. Alta estabilidade do teste de seguran\u00e7a alimentar LFGB e FDA.<\/td>\n<\/tr>\n<tr>\n<td width=\"1136\">5.\u00a0The color and printing could be customized according to requirement.<\/td>\n<\/tr>\n<tr>\n<td width=\"1136\">6.\u00a0Microwave safe and dishwasher safe(without printing).<\/td>\n<\/tr>\n<tr>\n<td width=\"1136\">7.\u00a0Smooth surface, easy to clean.<\/td>\n<\/tr>\n<tr>\n<td width=\"1136\">8. Em conformidade com a filosofia verde de efici\u00eancia energ\u00e9tica, redu\u00e7\u00e3o de emiss\u00f5es e reutiliza\u00e7\u00e3o de recursos.<\/td>\n<\/tr>\n<tr>\n<td width=\"1136\">9. Perfeitamente adequado para conceitos como poupan\u00e7a de energia, redu\u00e7\u00e3o de emiss\u00f5es e utiliza\u00e7\u00e3o circular.<\/td>\n<\/tr>\n<\/tbody>\n<\/table>","protected":false},"excerpt":{"rendered":"<p><strong>\u25cf Designed for Kids&#8217; dining.<\/strong><\/p>\n<p><strong>\u25cf Microwave Safe &amp; Dishwasher Safe.<\/strong><\/p>\n<p><strong>Seguro para alimentos.<\/strong><\/p>","protected":false},"featured_media":1746,"comment_status":"open","ping_status":"closed","template":"","meta":{"_acf_changed":false},"product_brand":[],"product_cat":[38,39,41,29,30,32,31],"product_tag":[],"class_list":{"0":"post-1755","1":"product","2":"type-product","3":"status-publish","4":"has-post-thumbnail","6":"product_cat-food-grade-rpet-tableware-material-properties-certifications-reborn","7":"product_cat-rpet-collection-100-recycled-pet-tableware-certified-food-grade-reborn","8":"product_cat-medium-temp-rpet-your-all-purpose-tableware-20c-to-120c-reborn","9":"product_cat-sustainable-tableware-complete-sets-collections-100-recycled-pet","10":"product_cat-bowls-for-every-meal-soup-salad-cereal-more-durable-rpet","11":"product_cat-cups-mugs-for-coffee-tea-water-on-the-go-recycled-rpet","12":"product_cat-dinner-plates-side-plates-more-durable-rpet-for-every-meal","14":"first","15":"instock","16":"shipping-taxable","17":"product-type-simple"},"acf":[],"yoast_head":"<!-- This site is optimized with the Yoast SEO plugin v27.3 - https:\/\/yoast.com\/product\/yoast-seo-wordpress\/ -->\n<title>5-Piece BPA-Free Kids Dining Set: Bowl, Plate, Cup, Fork &amp; Spoon, Dishwasher &amp; Microwave Safe, Food-Grade RPET Plastic, Odor-Free - rpettableware.com<\/title>\n<meta name=\"description\" content=\"The complete mealtime solution designed for safety and ease. This 5-piece set (bowl, plate, cup, fork, spoon) is made from odor-free, food-grade RPET plastic and is rigorously BPA-Free. Shatter-resistant, dishwasher safe, and microwave safe for unparalleled convenience and peace of mind at every meal.\" \/>\n<meta name=\"robots\" content=\"index, follow, max-snippet:-1, max-image-preview:large, max-video-preview:-1\" \/>\n<link rel=\"canonical\" href=\"https:\/\/rpettableware.com\/pt\/produto\/5-piece-bpa-free-kids-dining-set-food-grade-rpet\/\" \/>\n<meta property=\"og:locale\" content=\"pt_PT\" \/>\n<meta property=\"og:type\" content=\"article\" \/>\n<meta property=\"og:title\" content=\"5-Piece BPA-Free Kids Dining Set: Bowl, Plate, Cup, Fork &amp; Spoon, Dishwasher &amp; Microwave Safe, Food-Grade RPET Plastic, Odor-Free - rpettableware.com\" \/>\n<meta property=\"og:description\" content=\"The complete mealtime solution designed for safety and ease. This 5-piece set (bowl, plate, cup, fork, spoon) is made from odor-free, food-grade RPET plastic and is rigorously BPA-Free. Shatter-resistant, dishwasher safe, and microwave safe for unparalleled convenience and peace of mind at every meal.\" \/>\n<meta property=\"og:url\" content=\"https:\/\/rpettableware.com\/pt\/produto\/5-piece-bpa-free-kids-dining-set-food-grade-rpet\/\" \/>\n<meta property=\"og:site_name\" content=\"rpettableware.com\" \/>\n<meta property=\"article:modified_time\" content=\"2026-04-09T09:24:09+00:00\" \/>\n<meta property=\"og:image\" content=\"https:\/\/rpettableware.com\/wp-content\/uploads\/2026\/03\/CK12681\uff081\uff09.jpg\" \/>\n\t<meta property=\"og:image:width\" content=\"800\" \/>\n\t<meta property=\"og:image:height\" content=\"800\" \/>\n\t<meta property=\"og:image:type\" content=\"image\/jpeg\" \/>\n<meta name=\"twitter:card\" content=\"summary_large_image\" \/>\n<meta name=\"twitter:label1\" content=\"Tempo estimado de leitura\" \/>\n\t<meta name=\"twitter:data1\" content=\"1 minuto\" \/>\n<script type=\"application\/ld+json\" class=\"yoast-schema-graph\">{\"@context\":\"https:\\\/\\\/schema.org\",\"@graph\":[{\"@type\":\"WebPage\",\"@id\":\"https:\\\/\\\/rpettableware.com\\\/product\\\/5-piece-bpa-free-kids-dining-set-food-grade-rpet\\\/\",\"url\":\"https:\\\/\\\/rpettableware.com\\\/product\\\/5-piece-bpa-free-kids-dining-set-food-grade-rpet\\\/\",\"name\":\"5-Piece BPA-Free Kids Dining Set: Bowl, Plate, Cup, Fork & Spoon, Dishwasher & Microwave Safe, Food-Grade RPET Plastic, Odor-Free - rpettableware.com\",\"isPartOf\":{\"@id\":\"https:\\\/\\\/rpettableware.com\\\/#website\"},\"primaryImageOfPage\":{\"@id\":\"https:\\\/\\\/rpettableware.com\\\/product\\\/5-piece-bpa-free-kids-dining-set-food-grade-rpet\\\/#primaryimage\"},\"image\":{\"@id\":\"https:\\\/\\\/rpettableware.com\\\/product\\\/5-piece-bpa-free-kids-dining-set-food-grade-rpet\\\/#primaryimage\"},\"thumbnailUrl\":\"https:\\\/\\\/rpettableware.com\\\/wp-content\\\/uploads\\\/2026\\\/03\\\/CK12681\uff081\uff09.jpg\",\"datePublished\":\"2026-03-11T03:26:18+00:00\",\"dateModified\":\"2026-04-09T09:24:09+00:00\",\"description\":\"The complete mealtime solution designed for safety and ease. This 5-piece set (bowl, plate, cup, fork, spoon) is made from odor-free, food-grade RPET plastic and is rigorously BPA-Free. Shatter-resistant, dishwasher safe, and microwave safe for unparalleled convenience and peace of mind at every meal.\",\"breadcrumb\":{\"@id\":\"https:\\\/\\\/rpettableware.com\\\/product\\\/5-piece-bpa-free-kids-dining-set-food-grade-rpet\\\/#breadcrumb\"},\"inLanguage\":\"pt-PT\",\"potentialAction\":[{\"@type\":\"ReadAction\",\"target\":[\"https:\\\/\\\/rpettableware.com\\\/product\\\/5-piece-bpa-free-kids-dining-set-food-grade-rpet\\\/\"]}]},{\"@type\":\"ImageObject\",\"inLanguage\":\"pt-PT\",\"@id\":\"https:\\\/\\\/rpettableware.com\\\/product\\\/5-piece-bpa-free-kids-dining-set-food-grade-rpet\\\/#primaryimage\",\"url\":\"https:\\\/\\\/rpettableware.com\\\/wp-content\\\/uploads\\\/2026\\\/03\\\/CK12681\uff081\uff09.jpg\",\"contentUrl\":\"https:\\\/\\\/rpettableware.com\\\/wp-content\\\/uploads\\\/2026\\\/03\\\/CK12681\uff081\uff09.jpg\",\"width\":800,\"height\":800},{\"@type\":\"BreadcrumbList\",\"@id\":\"https:\\\/\\\/rpettableware.com\\\/product\\\/5-piece-bpa-free-kids-dining-set-food-grade-rpet\\\/#breadcrumb\",\"itemListElement\":[{\"@type\":\"ListItem\",\"position\":1,\"name\":\"\u9996\u9875\",\"item\":\"https:\\\/\\\/rpettableware.com\\\/\"},{\"@type\":\"ListItem\",\"position\":2,\"name\":\"Products\",\"item\":\"https:\\\/\\\/rpettableware.com\\\/shop\\\/\"},{\"@type\":\"ListItem\",\"position\":3,\"name\":\"5-Piece BPA-Free Kids Dining Set: Bowl, Plate, Cup, Fork &#038; Spoon, Dishwasher &#038; Microwave Safe, Food-Grade RPET Plastic, Odor-Free\"}]},{\"@type\":\"WebSite\",\"@id\":\"https:\\\/\\\/rpettableware.com\\\/#website\",\"url\":\"https:\\\/\\\/rpettableware.com\\\/\",\"name\":\"rpettableware.com\",\"description\":\"\",\"publisher\":{\"@id\":\"https:\\\/\\\/rpettableware.com\\\/#organization\"},\"potentialAction\":[{\"@type\":\"SearchAction\",\"target\":{\"@type\":\"EntryPoint\",\"urlTemplate\":\"https:\\\/\\\/rpettableware.com\\\/?s={search_term_string}\"},\"query-input\":{\"@type\":\"PropertyValueSpecification\",\"valueRequired\":true,\"valueName\":\"search_term_string\"}}],\"inLanguage\":\"pt-PT\"},{\"@type\":\"Organization\",\"@id\":\"https:\\\/\\\/rpettableware.com\\\/#organization\",\"name\":\"rpettableware.com\",\"url\":\"https:\\\/\\\/rpettableware.com\\\/\",\"logo\":{\"@type\":\"ImageObject\",\"inLanguage\":\"pt-PT\",\"@id\":\"https:\\\/\\\/rpettableware.com\\\/#\\\/schema\\\/logo\\\/image\\\/\",\"url\":\"https:\\\/\\\/rpettableware.com\\\/wp-content\\\/uploads\\\/2026\\\/01\\\/\u5fae\u4fe1\u56fe\u7247_20260110125128_808_2451-removebg-preview.png\",\"contentUrl\":\"https:\\\/\\\/rpettableware.com\\\/wp-content\\\/uploads\\\/2026\\\/01\\\/\u5fae\u4fe1\u56fe\u7247_20260110125128_808_2451-removebg-preview.png\",\"width\":500,\"height\":500,\"caption\":\"rpettableware.com\"},\"image\":{\"@id\":\"https:\\\/\\\/rpettableware.com\\\/#\\\/schema\\\/logo\\\/image\\\/\"}}]}<\/script>\n<!-- \/ Yoast SEO plugin. -->","yoast_head_json":{"title":"5-Piece BPA-Free Kids Dining Set: Bowl, Plate, Cup, Fork & Spoon, Dishwasher & Microwave Safe, Food-Grade RPET Plastic, Odor-Free - rpettableware.com","description":"The complete mealtime solution designed for safety and ease. This 5-piece set (bowl, plate, cup, fork, spoon) is made from odor-free, food-grade RPET plastic and is rigorously BPA-Free. Shatter-resistant, dishwasher safe, and microwave safe for unparalleled convenience and peace of mind at every meal.","robots":{"index":"index","follow":"follow","max-snippet":"max-snippet:-1","max-image-preview":"max-image-preview:large","max-video-preview":"max-video-preview:-1"},"canonical":"https:\/\/rpettableware.com\/pt\/produto\/5-piece-bpa-free-kids-dining-set-food-grade-rpet\/","og_locale":"pt_PT","og_type":"article","og_title":"5-Piece BPA-Free Kids Dining Set: Bowl, Plate, Cup, Fork & Spoon, Dishwasher & Microwave Safe, Food-Grade RPET Plastic, Odor-Free - rpettableware.com","og_description":"The complete mealtime solution designed for safety and ease. This 5-piece set (bowl, plate, cup, fork, spoon) is made from odor-free, food-grade RPET plastic and is rigorously BPA-Free. Shatter-resistant, dishwasher safe, and microwave safe for unparalleled convenience and peace of mind at every meal.","og_url":"https:\/\/rpettableware.com\/pt\/produto\/5-piece-bpa-free-kids-dining-set-food-grade-rpet\/","og_site_name":"rpettableware.com","article_modified_time":"2026-04-09T09:24:09+00:00","og_image":[{"width":800,"height":800,"url":"https:\/\/rpettableware.com\/wp-content\/uploads\/2026\/03\/CK12681\uff081\uff09.jpg","type":"image\/jpeg"}],"twitter_card":"summary_large_image","twitter_misc":{"Tempo estimado de leitura":"1 minuto"},"schema":{"@context":"https:\/\/schema.org","@graph":[{"@type":"WebPage","@id":"https:\/\/rpettableware.com\/product\/5-piece-bpa-free-kids-dining-set-food-grade-rpet\/","url":"https:\/\/rpettableware.com\/product\/5-piece-bpa-free-kids-dining-set-food-grade-rpet\/","name":"5-Piece BPA-Free Kids Dining Set: Bowl, Plate, Cup, Fork & Spoon, Dishwasher & Microwave Safe, Food-Grade RPET Plastic, Odor-Free - rpettableware.com","isPartOf":{"@id":"https:\/\/rpettableware.com\/#website"},"primaryImageOfPage":{"@id":"https:\/\/rpettableware.com\/product\/5-piece-bpa-free-kids-dining-set-food-grade-rpet\/#primaryimage"},"image":{"@id":"https:\/\/rpettableware.com\/product\/5-piece-bpa-free-kids-dining-set-food-grade-rpet\/#primaryimage"},"thumbnailUrl":"https:\/\/rpettableware.com\/wp-content\/uploads\/2026\/03\/CK12681\uff081\uff09.jpg","datePublished":"2026-03-11T03:26:18+00:00","dateModified":"2026-04-09T09:24:09+00:00","description":"The complete mealtime solution designed for safety and ease. This 5-piece set (bowl, plate, cup, fork, spoon) is made from odor-free, food-grade RPET plastic and is rigorously BPA-Free. Shatter-resistant, dishwasher safe, and microwave safe for unparalleled convenience and peace of mind at every meal.","breadcrumb":{"@id":"https:\/\/rpettableware.com\/product\/5-piece-bpa-free-kids-dining-set-food-grade-rpet\/#breadcrumb"},"inLanguage":"pt-PT","potentialAction":[{"@type":"ReadAction","target":["https:\/\/rpettableware.com\/product\/5-piece-bpa-free-kids-dining-set-food-grade-rpet\/"]}]},{"@type":"ImageObject","inLanguage":"pt-PT","@id":"https:\/\/rpettableware.com\/product\/5-piece-bpa-free-kids-dining-set-food-grade-rpet\/#primaryimage","url":"https:\/\/rpettableware.com\/wp-content\/uploads\/2026\/03\/CK12681\uff081\uff09.jpg","contentUrl":"https:\/\/rpettableware.com\/wp-content\/uploads\/2026\/03\/CK12681\uff081\uff09.jpg","width":800,"height":800},{"@type":"BreadcrumbList","@id":"https:\/\/rpettableware.com\/product\/5-piece-bpa-free-kids-dining-set-food-grade-rpet\/#breadcrumb","itemListElement":[{"@type":"ListItem","position":1,"name":"\u9996\u9875","item":"https:\/\/rpettableware.com\/"},{"@type":"ListItem","position":2,"name":"Products","item":"https:\/\/rpettableware.com\/shop\/"},{"@type":"ListItem","position":3,"name":"5-Piece BPA-Free Kids Dining Set: Bowl, Plate, Cup, Fork &#038; Spoon, Dishwasher &#038; Microwave Safe, Food-Grade RPET Plastic, Odor-Free"}]},{"@type":"WebSite","@id":"https:\/\/rpettableware.com\/#website","url":"https:\/\/rpettableware.com\/","name":"rpettableware.com","description":"","publisher":{"@id":"https:\/\/rpettableware.com\/#organization"},"potentialAction":[{"@type":"SearchAction","target":{"@type":"EntryPoint","urlTemplate":"https:\/\/rpettableware.com\/?s={search_term_string}"},"query-input":{"@type":"PropertyValueSpecification","valueRequired":true,"valueName":"search_term_string"}}],"inLanguage":"pt-PT"},{"@type":"Organization","@id":"https:\/\/rpettableware.com\/#organization","name":"rpettableware.com","url":"https:\/\/rpettableware.com\/","logo":{"@type":"ImageObject","inLanguage":"pt-PT","@id":"https:\/\/rpettableware.com\/#\/schema\/logo\/image\/","url":"https:\/\/rpettableware.com\/wp-content\/uploads\/2026\/01\/\u5fae\u4fe1\u56fe\u7247_20260110125128_808_2451-removebg-preview.png","contentUrl":"https:\/\/rpettableware.com\/wp-content\/uploads\/2026\/01\/\u5fae\u4fe1\u56fe\u7247_20260110125128_808_2451-removebg-preview.png","width":500,"height":500,"caption":"rpettableware.com"},"image":{"@id":"https:\/\/rpettableware.com\/#\/schema\/logo\/image\/"}}]}},"_links":{"self":[{"href":"https:\/\/rpettableware.com\/pt\/wp-json\/wp\/v2\/product\/1755","targetHints":{"allow":["GET"]}}],"collection":[{"href":"https:\/\/rpettableware.com\/pt\/wp-json\/wp\/v2\/product"}],"about":[{"href":"https:\/\/rpettableware.com\/pt\/wp-json\/wp\/v2\/types\/product"}],"replies":[{"embeddable":true,"href":"https:\/\/rpettableware.com\/pt\/wp-json\/wp\/v2\/comments?post=1755"}],"wp:featuredmedia":[{"embeddable":true,"href":"https:\/\/rpettableware.com\/pt\/wp-json\/wp\/v2\/media\/1746"}],"wp:attachment":[{"href":"https:\/\/rpettableware.com\/pt\/wp-json\/wp\/v2\/media?parent=1755"}],"wp:term":[{"taxonomy":"product_brand","embeddable":true,"href":"https:\/\/rpettableware.com\/pt\/wp-json\/wp\/v2\/product_brand?post=1755"},{"taxonomy":"product_cat","embeddable":true,"href":"https:\/\/rpettableware.com\/pt\/wp-json\/wp\/v2\/product_cat?post=1755"},{"taxonomy":"product_tag","embeddable":true,"href":"https:\/\/rpettableware.com\/pt\/wp-json\/wp\/v2\/product_tag?post=1755"}],"curies":[{"name":"wp","href":"https:\/\/api.w.org\/{rel}","templated":true}]}}