{"id":1675,"date":"2026-03-09T08:00:23","date_gmt":"2026-03-09T08:00:23","guid":{"rendered":"https:\/\/rpettableware.com\/?post_type=product&#038;p=1675"},"modified":"2026-04-09T09:30:56","modified_gmt":"2026-04-09T09:30:56","slug":"rpet-fridge-produce-storage-box-2-inner-drainage-baskets-clear-lid","status":"publish","type":"product","link":"https:\/\/rpettableware.com\/tr\/urun\/rpet-fridge-produce-storage-box-2-inner-drainage-baskets-clear-lid\/","title":{"rendered":"Fridge Produce Storage Box: Transparent rPET with 2 Inner Drainage Basket &#038; Flat Clear Lid"},"content":{"rendered":"<table>\n<tbody>\n<tr>\n<td width=\"1136\"><strong><b>\u00d6ZELL\u0130KLER:<\/b><\/strong><\/td>\n<\/tr>\n<tr>\n<td width=\"1136\">1.\u00a0It features a clear outer body and flat clear lid made by recycled PET.<\/td>\n<\/tr>\n<tr>\n<td width=\"1136\">2. \u00dcr\u00fcnleri y\u00fcksekte ve nemden uzak tutmak i\u00e7in 2 i\u00e7 drenaj sepeti ile.<\/td>\n<\/tr>\n<tr>\n<td width=\"1136\">3. S\u0131cakl\u0131k tolerans\u0131: -20 \u2103 ila 60 \u2103.<\/td>\n<\/tr>\n<tr>\n<td width=\"1136\">4. G\u0131da g\u00fcvenli testi LFGB ve FDA'n\u0131n y\u00fcksek stabilitesi.<\/td>\n<\/tr>\n<tr>\n<td width=\"1136\">5. \u0130\u00e7 sepetin rengi istenilen renge g\u00f6re \u00f6zelle\u015ftirilebilir.<\/td>\n<\/tr>\n<tr>\n<td width=\"1136\">6. Mikrodalga veya bula\u015f\u0131k makinesinde kullanmay\u0131n.<\/td>\n<\/tr>\n<tr>\n<td width=\"1136\">7. Sebzelerin tazeli\u011fini korumak ve koku transferini \u00f6nlemek i\u00e7in buzdolab\u0131nda saklanmas\u0131 \u00f6nerilir.<\/td>\n<\/tr>\n<tr>\n<td width=\"1136\">8. Enerji verimlili\u011fi, emisyon azalt\u0131m\u0131 ve kaynaklar\u0131n yeniden kullan\u0131m\u0131 gibi ye\u015fil felsefeyle uyumludur.<\/td>\n<\/tr>\n<tr>\n<td width=\"1136\">9. Enerji tasarrufu, emisyon azalt\u0131m\u0131 ve d\u00f6ng\u00fcsel kullan\u0131m gibi kavramlar i\u00e7in m\u00fckemmel uyum sa\u011flar.<\/td>\n<\/tr>\n<\/tbody>\n<\/table>","protected":false},"excerpt":{"rendered":"<p><strong>Buzdolab\u0131nda Saklama i\u00e7in M\u00fckemmeldir.<\/strong><\/p>\n<p><strong>Mikrodalga veya bula\u015f\u0131k makinesinde kullanmay\u0131n.<\/strong><\/p>\n<p><strong>G\u0131da g\u00fcvenlidir.<\/strong><\/p>","protected":false},"featured_media":1682,"comment_status":"open","ping_status":"closed","template":"","meta":{"_acf_changed":false},"product_brand":[],"product_cat":[60,59,61,38,39,57],"product_tag":[],"class_list":{"0":"post-1675","1":"product","2":"type-product","3":"status-publish","4":"has-post-thumbnail","6":"product_cat-rpet-storage-container-collection-for-cold-foods-organization","7":"product_cat-find-your-fit-a-guide-to-our-rpet-tableware-grades","8":"product_cat-storage-boxes-organizers-clear-stackable-durable-rpet","9":"product_cat-food-grade-rpet-tableware-material-properties-certifications-reborn","10":"product_cat-rpet-collection-100-recycled-pet-tableware-certified-food-grade-reborn","11":"product_cat-food-containers-airtight-storage-for-meal-prep-leftovers-rpet","13":"first","14":"instock","15":"shipping-taxable","16":"product-type-simple"},"acf":[],"yoast_head":"<!-- This site is optimized with the Yoast SEO plugin v27.3 - https:\/\/yoast.com\/product\/yoast-seo-wordpress\/ -->\n<title>Fridge Produce Storage Box: Transparent rPET with 2 Inner Drainage Basket &amp; Flat Clear Lid - rpettableware.com<\/title>\n<meta name=\"description\" content=\"Keep produce fresh longer. This clear rPET box is designed for your fridge, featuring 2 inner drainage baskets to elevate fruits and veggies away from moisture. The flat, clear lid allows visibility while containing odors. The ultimate system to reduce waste and keep your greens crisp.\" \/>\n<meta name=\"robots\" content=\"index, follow, max-snippet:-1, max-image-preview:large, max-video-preview:-1\" \/>\n<link rel=\"canonical\" href=\"https:\/\/rpettableware.com\/tr\/urun\/rpet-fridge-produce-storage-box-2-inner-drainage-baskets-clear-lid\/\" \/>\n<meta property=\"og:locale\" content=\"tr_TR\" \/>\n<meta property=\"og:type\" content=\"article\" \/>\n<meta property=\"og:title\" content=\"Fridge Produce Storage Box: Transparent rPET with 2 Inner Drainage Basket &amp; Flat Clear Lid - rpettableware.com\" \/>\n<meta property=\"og:description\" content=\"Keep produce fresh longer. This clear rPET box is designed for your fridge, featuring 2 inner drainage baskets to elevate fruits and veggies away from moisture. The flat, clear lid allows visibility while containing odors. The ultimate system to reduce waste and keep your greens crisp.\" \/>\n<meta property=\"og:url\" content=\"https:\/\/rpettableware.com\/tr\/urun\/rpet-fridge-produce-storage-box-2-inner-drainage-baskets-clear-lid\/\" \/>\n<meta property=\"og:site_name\" content=\"rpettableware.com\" \/>\n<meta property=\"article:modified_time\" content=\"2026-04-09T09:30:56+00:00\" \/>\n<meta property=\"og:image\" content=\"https:\/\/rpettableware.com\/wp-content\/uploads\/2026\/03\/CK12156B7.jpg\" \/>\n\t<meta property=\"og:image:width\" content=\"800\" \/>\n\t<meta property=\"og:image:height\" content=\"800\" \/>\n\t<meta property=\"og:image:type\" content=\"image\/jpeg\" \/>\n<meta name=\"twitter:card\" content=\"summary_large_image\" \/>\n<meta name=\"twitter:label1\" content=\"Tahmini okuma s\u00fcresi\" \/>\n\t<meta name=\"twitter:data1\" content=\"1 dakika\" \/>\n<script type=\"application\/ld+json\" class=\"yoast-schema-graph\">{\"@context\":\"https:\\\/\\\/schema.org\",\"@graph\":[{\"@type\":\"WebPage\",\"@id\":\"https:\\\/\\\/rpettableware.com\\\/product\\\/rpet-fridge-produce-storage-box-2-inner-drainage-baskets-clear-lid\\\/\",\"url\":\"https:\\\/\\\/rpettableware.com\\\/product\\\/rpet-fridge-produce-storage-box-2-inner-drainage-baskets-clear-lid\\\/\",\"name\":\"Fridge Produce Storage Box: Transparent rPET with 2 Inner Drainage Basket & Flat Clear Lid - rpettableware.com\",\"isPartOf\":{\"@id\":\"https:\\\/\\\/rpettableware.com\\\/#website\"},\"primaryImageOfPage\":{\"@id\":\"https:\\\/\\\/rpettableware.com\\\/product\\\/rpet-fridge-produce-storage-box-2-inner-drainage-baskets-clear-lid\\\/#primaryimage\"},\"image\":{\"@id\":\"https:\\\/\\\/rpettableware.com\\\/product\\\/rpet-fridge-produce-storage-box-2-inner-drainage-baskets-clear-lid\\\/#primaryimage\"},\"thumbnailUrl\":\"https:\\\/\\\/rpettableware.com\\\/wp-content\\\/uploads\\\/2026\\\/03\\\/CK12156B7.jpg\",\"datePublished\":\"2026-03-09T08:00:23+00:00\",\"dateModified\":\"2026-04-09T09:30:56+00:00\",\"description\":\"Keep produce fresh longer. This clear rPET box is designed for your fridge, featuring 2 inner drainage baskets to elevate fruits and veggies away from moisture. The flat, clear lid allows visibility while containing odors. The ultimate system to reduce waste and keep your greens crisp.\",\"breadcrumb\":{\"@id\":\"https:\\\/\\\/rpettableware.com\\\/product\\\/rpet-fridge-produce-storage-box-2-inner-drainage-baskets-clear-lid\\\/#breadcrumb\"},\"inLanguage\":\"tr\",\"potentialAction\":[{\"@type\":\"ReadAction\",\"target\":[\"https:\\\/\\\/rpettableware.com\\\/product\\\/rpet-fridge-produce-storage-box-2-inner-drainage-baskets-clear-lid\\\/\"]}]},{\"@type\":\"ImageObject\",\"inLanguage\":\"tr\",\"@id\":\"https:\\\/\\\/rpettableware.com\\\/product\\\/rpet-fridge-produce-storage-box-2-inner-drainage-baskets-clear-lid\\\/#primaryimage\",\"url\":\"https:\\\/\\\/rpettableware.com\\\/wp-content\\\/uploads\\\/2026\\\/03\\\/CK12156B7.jpg\",\"contentUrl\":\"https:\\\/\\\/rpettableware.com\\\/wp-content\\\/uploads\\\/2026\\\/03\\\/CK12156B7.jpg\",\"width\":800,\"height\":800},{\"@type\":\"BreadcrumbList\",\"@id\":\"https:\\\/\\\/rpettableware.com\\\/product\\\/rpet-fridge-produce-storage-box-2-inner-drainage-baskets-clear-lid\\\/#breadcrumb\",\"itemListElement\":[{\"@type\":\"ListItem\",\"position\":1,\"name\":\"\u9996\u9875\",\"item\":\"https:\\\/\\\/rpettableware.com\\\/\"},{\"@type\":\"ListItem\",\"position\":2,\"name\":\"Products\",\"item\":\"https:\\\/\\\/rpettableware.com\\\/shop\\\/\"},{\"@type\":\"ListItem\",\"position\":3,\"name\":\"Fridge Produce Storage Box: Transparent rPET with 2 Inner Drainage Basket &#038; Flat Clear Lid\"}]},{\"@type\":\"WebSite\",\"@id\":\"https:\\\/\\\/rpettableware.com\\\/#website\",\"url\":\"https:\\\/\\\/rpettableware.com\\\/\",\"name\":\"rpettableware.com\",\"description\":\"\",\"publisher\":{\"@id\":\"https:\\\/\\\/rpettableware.com\\\/#organization\"},\"potentialAction\":[{\"@type\":\"SearchAction\",\"target\":{\"@type\":\"EntryPoint\",\"urlTemplate\":\"https:\\\/\\\/rpettableware.com\\\/?s={search_term_string}\"},\"query-input\":{\"@type\":\"PropertyValueSpecification\",\"valueRequired\":true,\"valueName\":\"search_term_string\"}}],\"inLanguage\":\"tr\"},{\"@type\":\"Organization\",\"@id\":\"https:\\\/\\\/rpettableware.com\\\/#organization\",\"name\":\"rpettableware.com\",\"url\":\"https:\\\/\\\/rpettableware.com\\\/\",\"logo\":{\"@type\":\"ImageObject\",\"inLanguage\":\"tr\",\"@id\":\"https:\\\/\\\/rpettableware.com\\\/#\\\/schema\\\/logo\\\/image\\\/\",\"url\":\"https:\\\/\\\/rpettableware.com\\\/wp-content\\\/uploads\\\/2026\\\/01\\\/\u5fae\u4fe1\u56fe\u7247_20260110125128_808_2451-removebg-preview.png\",\"contentUrl\":\"https:\\\/\\\/rpettableware.com\\\/wp-content\\\/uploads\\\/2026\\\/01\\\/\u5fae\u4fe1\u56fe\u7247_20260110125128_808_2451-removebg-preview.png\",\"width\":500,\"height\":500,\"caption\":\"rpettableware.com\"},\"image\":{\"@id\":\"https:\\\/\\\/rpettableware.com\\\/#\\\/schema\\\/logo\\\/image\\\/\"}}]}<\/script>\n<!-- \/ Yoast SEO plugin. -->","yoast_head_json":{"title":"Fridge Produce Storage Box: Transparent rPET with 2 Inner Drainage Basket & Flat Clear Lid - rpettableware.com","description":"Keep produce fresh longer. This clear rPET box is designed for your fridge, featuring 2 inner drainage baskets to elevate fruits and veggies away from moisture. The flat, clear lid allows visibility while containing odors. The ultimate system to reduce waste and keep your greens crisp.","robots":{"index":"index","follow":"follow","max-snippet":"max-snippet:-1","max-image-preview":"max-image-preview:large","max-video-preview":"max-video-preview:-1"},"canonical":"https:\/\/rpettableware.com\/tr\/urun\/rpet-fridge-produce-storage-box-2-inner-drainage-baskets-clear-lid\/","og_locale":"tr_TR","og_type":"article","og_title":"Fridge Produce Storage Box: Transparent rPET with 2 Inner Drainage Basket & Flat Clear Lid - rpettableware.com","og_description":"Keep produce fresh longer. This clear rPET box is designed for your fridge, featuring 2 inner drainage baskets to elevate fruits and veggies away from moisture. The flat, clear lid allows visibility while containing odors. The ultimate system to reduce waste and keep your greens crisp.","og_url":"https:\/\/rpettableware.com\/tr\/urun\/rpet-fridge-produce-storage-box-2-inner-drainage-baskets-clear-lid\/","og_site_name":"rpettableware.com","article_modified_time":"2026-04-09T09:30:56+00:00","og_image":[{"width":800,"height":800,"url":"https:\/\/rpettableware.com\/wp-content\/uploads\/2026\/03\/CK12156B7.jpg","type":"image\/jpeg"}],"twitter_card":"summary_large_image","twitter_misc":{"Tahmini okuma s\u00fcresi":"1 dakika"},"schema":{"@context":"https:\/\/schema.org","@graph":[{"@type":"WebPage","@id":"https:\/\/rpettableware.com\/product\/rpet-fridge-produce-storage-box-2-inner-drainage-baskets-clear-lid\/","url":"https:\/\/rpettableware.com\/product\/rpet-fridge-produce-storage-box-2-inner-drainage-baskets-clear-lid\/","name":"Fridge Produce Storage Box: Transparent rPET with 2 Inner Drainage Basket & Flat Clear Lid - rpettableware.com","isPartOf":{"@id":"https:\/\/rpettableware.com\/#website"},"primaryImageOfPage":{"@id":"https:\/\/rpettableware.com\/product\/rpet-fridge-produce-storage-box-2-inner-drainage-baskets-clear-lid\/#primaryimage"},"image":{"@id":"https:\/\/rpettableware.com\/product\/rpet-fridge-produce-storage-box-2-inner-drainage-baskets-clear-lid\/#primaryimage"},"thumbnailUrl":"https:\/\/rpettableware.com\/wp-content\/uploads\/2026\/03\/CK12156B7.jpg","datePublished":"2026-03-09T08:00:23+00:00","dateModified":"2026-04-09T09:30:56+00:00","description":"Keep produce fresh longer. This clear rPET box is designed for your fridge, featuring 2 inner drainage baskets to elevate fruits and veggies away from moisture. The flat, clear lid allows visibility while containing odors. The ultimate system to reduce waste and keep your greens crisp.","breadcrumb":{"@id":"https:\/\/rpettableware.com\/product\/rpet-fridge-produce-storage-box-2-inner-drainage-baskets-clear-lid\/#breadcrumb"},"inLanguage":"tr","potentialAction":[{"@type":"ReadAction","target":["https:\/\/rpettableware.com\/product\/rpet-fridge-produce-storage-box-2-inner-drainage-baskets-clear-lid\/"]}]},{"@type":"ImageObject","inLanguage":"tr","@id":"https:\/\/rpettableware.com\/product\/rpet-fridge-produce-storage-box-2-inner-drainage-baskets-clear-lid\/#primaryimage","url":"https:\/\/rpettableware.com\/wp-content\/uploads\/2026\/03\/CK12156B7.jpg","contentUrl":"https:\/\/rpettableware.com\/wp-content\/uploads\/2026\/03\/CK12156B7.jpg","width":800,"height":800},{"@type":"BreadcrumbList","@id":"https:\/\/rpettableware.com\/product\/rpet-fridge-produce-storage-box-2-inner-drainage-baskets-clear-lid\/#breadcrumb","itemListElement":[{"@type":"ListItem","position":1,"name":"\u9996\u9875","item":"https:\/\/rpettableware.com\/"},{"@type":"ListItem","position":2,"name":"Products","item":"https:\/\/rpettableware.com\/shop\/"},{"@type":"ListItem","position":3,"name":"Fridge Produce Storage Box: Transparent rPET with 2 Inner Drainage Basket &#038; Flat Clear Lid"}]},{"@type":"WebSite","@id":"https:\/\/rpettableware.com\/#website","url":"https:\/\/rpettableware.com\/","name":"rpettableware.com","description":"","publisher":{"@id":"https:\/\/rpettableware.com\/#organization"},"potentialAction":[{"@type":"SearchAction","target":{"@type":"EntryPoint","urlTemplate":"https:\/\/rpettableware.com\/?s={search_term_string}"},"query-input":{"@type":"PropertyValueSpecification","valueRequired":true,"valueName":"search_term_string"}}],"inLanguage":"tr"},{"@type":"Organization","@id":"https:\/\/rpettableware.com\/#organization","name":"rpettableware.com","url":"https:\/\/rpettableware.com\/","logo":{"@type":"ImageObject","inLanguage":"tr","@id":"https:\/\/rpettableware.com\/#\/schema\/logo\/image\/","url":"https:\/\/rpettableware.com\/wp-content\/uploads\/2026\/01\/\u5fae\u4fe1\u56fe\u7247_20260110125128_808_2451-removebg-preview.png","contentUrl":"https:\/\/rpettableware.com\/wp-content\/uploads\/2026\/01\/\u5fae\u4fe1\u56fe\u7247_20260110125128_808_2451-removebg-preview.png","width":500,"height":500,"caption":"rpettableware.com"},"image":{"@id":"https:\/\/rpettableware.com\/#\/schema\/logo\/image\/"}}]}},"_links":{"self":[{"href":"https:\/\/rpettableware.com\/tr\/wp-json\/wp\/v2\/product\/1675","targetHints":{"allow":["GET"]}}],"collection":[{"href":"https:\/\/rpettableware.com\/tr\/wp-json\/wp\/v2\/product"}],"about":[{"href":"https:\/\/rpettableware.com\/tr\/wp-json\/wp\/v2\/types\/product"}],"replies":[{"embeddable":true,"href":"https:\/\/rpettableware.com\/tr\/wp-json\/wp\/v2\/comments?post=1675"}],"wp:featuredmedia":[{"embeddable":true,"href":"https:\/\/rpettableware.com\/tr\/wp-json\/wp\/v2\/media\/1682"}],"wp:attachment":[{"href":"https:\/\/rpettableware.com\/tr\/wp-json\/wp\/v2\/media?parent=1675"}],"wp:term":[{"taxonomy":"product_brand","embeddable":true,"href":"https:\/\/rpettableware.com\/tr\/wp-json\/wp\/v2\/product_brand?post=1675"},{"taxonomy":"product_cat","embeddable":true,"href":"https:\/\/rpettableware.com\/tr\/wp-json\/wp\/v2\/product_cat?post=1675"},{"taxonomy":"product_tag","embeddable":true,"href":"https:\/\/rpettableware.com\/tr\/wp-json\/wp\/v2\/product_tag?post=1675"}],"curies":[{"name":"wp","href":"https:\/\/api.w.org\/{rel}","templated":true}]}}