{"id":2054,"date":"2026-03-26T09:29:38","date_gmt":"2026-03-26T09:29:38","guid":{"rendered":"https:\/\/rpettableware.com\/?post_type=product&#038;p=2054"},"modified":"2026-04-09T08:27:21","modified_gmt":"2026-04-09T08:27:21","slug":"clear-u-shaped-rpet-storage-tray-with-handles","status":"publish","type":"product","link":"https:\/\/rpettableware.com\/tr\/urun\/clear-u-shaped-rpet-storage-tray-with-handles\/","title":{"rendered":"U \u015eeklinde Yan Kulplu \u015eeffaf rPET Saklama Tepsisi"},"content":{"rendered":"<table>\n<tbody>\n<tr>\n<td width=\"1136\"><strong><b>\u00d6ZELL\u0130KLER:<\/b><\/strong><\/td>\n<\/tr>\n<tr>\n<td width=\"1136\">1. Kolay ta\u015f\u0131ma i\u00e7in 2 taraf\u0131nda tutma delikleri bulunan tamamen \u015feffaf bir g\u00f6vdeye sahiptir.<\/td>\n<\/tr>\n<tr>\n<td width=\"1136\">2. G\u00f6vde \u015fekli, yerden tasarruf etmeye yard\u0131mc\u0131 olacak \u015fekilde istiflenebilir olarak tasarlanm\u0131\u015ft\u0131r. G\u00fcvenli ve dengeli istifleme i\u00e7in uzat\u0131labilir ayaklara sahiptir.<\/td>\n<\/tr>\n<tr>\n<td width=\"1136\">3. Bu koleksiyon, \u00e7e\u015fitli kullan\u0131m senaryolar\u0131na uyacak ve farkl\u0131 depolama ihtiya\u00e7lar\u0131n\u0131 kar\u015f\u0131layacak \u015fekilde tasarlanm\u0131\u015f 4 farkl\u0131 boyut se\u00e7ene\u011fi i\u00e7erir.<\/td>\n<\/tr>\n<tr>\n<td width=\"1136\">4. S\u0131cakl\u0131k tolerans\u0131: -20 \u2103 ila 60 \u2103.<\/td>\n<\/tr>\n<tr>\n<td width=\"1136\">5. G\u0131da g\u00fcvenli testi LFGB ve FDA'n\u0131n y\u00fcksek stabilitesi.<\/td>\n<\/tr>\n<tr>\n<td width=\"1136\">6. Renk, talep edilen renge g\u00f6re \u00f6zelle\u015ftirilebilir. Bununla birlikte, basit ve \u00e7ok y\u00f6nl\u00fc \u015feffaf renksiz versiyon en \u00e7ok satan se\u00e7enektir.<\/td>\n<\/tr>\n<tr>\n<td width=\"1136\">7. Mikrodalga veya bula\u015f\u0131k makinesinde kullanmay\u0131n.<\/td>\n<\/tr>\n<tr>\n<td width=\"1136\">8. Kitaplar\u0131 veya \u00e7e\u015fitli e\u015fyalar\u0131 saklamak i\u00e7in \u00f6nerilir.<\/td>\n<\/tr>\n<tr>\n<td width=\"1136\">9. Enerji verimlili\u011fi, emisyon azalt\u0131m\u0131 ve kaynaklar\u0131n yeniden kullan\u0131m\u0131 gibi ye\u015fil felsefeyle uyumludur.<\/td>\n<\/tr>\n<tr>\n<td width=\"1136\">10. Enerji tasarrufu, emisyon azalt\u0131m\u0131 ve d\u00f6ng\u00fcsel kullan\u0131m gibi kavramlar i\u00e7in m\u00fckemmel uyum sa\u011flar.<\/td>\n<\/tr>\n<\/tbody>\n<\/table>","protected":false},"excerpt":{"rendered":"<p><strong>Masa organizasyonu ve depolama i\u00e7in m\u00fckemmeldir.<\/strong><\/p>\n<p><strong>Mikrodalga veya bula\u015f\u0131k makinesinde kullanmay\u0131n.<\/strong><\/p>\n<p><strong>G\u0131da g\u00fcvenlidir.<\/strong><\/p>","protected":false},"featured_media":2057,"comment_status":"open","ping_status":"closed","template":"","meta":{"_acf_changed":false},"product_brand":[],"product_cat":[65,60,59,66,38,39],"product_tag":[],"class_list":{"0":"post-2054","1":"product","2":"type-product","3":"status-publish","4":"has-post-thumbnail","6":"product_cat-ecoessentials-tableware-your-core-sustainable-basics-reborn","7":"product_cat-rpet-storage-container-collection-for-cold-foods-organization","8":"product_cat-find-your-fit-a-guide-to-our-rpet-tableware-grades","9":"product_cat-meal-prep-kitchen-organization-trays-recycled-reusable","10":"product_cat-food-grade-rpet-tableware-material-properties-certifications-reborn","11":"product_cat-rpet-collection-100-recycled-pet-tableware-certified-food-grade-reborn","13":"first","14":"instock","15":"shipping-taxable","16":"product-type-simple"},"acf":[],"yoast_head":"<!-- This site is optimized with the Yoast SEO plugin v27.3 - https:\/\/yoast.com\/product\/yoast-seo-wordpress\/ -->\n<title>U-Shaped Clear rPET Storage Tray with Side handles - rpettableware.com<\/title>\n<meta name=\"description\" content=\"Reimagine corner space. This innovative U-shaped design fits where rectangles can\u2019t, while integrated side handles let you move an entire organized section effortlessly. Built from durable, clear rPET, it keeps items visible and your desk, bench, or vanity perfectly adaptable and clutter-free.\" \/>\n<meta name=\"robots\" content=\"index, follow, max-snippet:-1, max-image-preview:large, max-video-preview:-1\" \/>\n<link rel=\"canonical\" href=\"https:\/\/rpettableware.com\/tr\/urun\/clear-u-shaped-rpet-storage-tray-with-handles\/\" \/>\n<meta property=\"og:locale\" content=\"tr_TR\" \/>\n<meta property=\"og:type\" content=\"article\" \/>\n<meta property=\"og:title\" content=\"U-Shaped Clear rPET Storage Tray with Side handles - rpettableware.com\" \/>\n<meta property=\"og:description\" content=\"Reimagine corner space. This innovative U-shaped design fits where rectangles can\u2019t, while integrated side handles let you move an entire organized section effortlessly. Built from durable, clear rPET, it keeps items visible and your desk, bench, or vanity perfectly adaptable and clutter-free.\" \/>\n<meta property=\"og:url\" content=\"https:\/\/rpettableware.com\/tr\/urun\/clear-u-shaped-rpet-storage-tray-with-handles\/\" \/>\n<meta property=\"og:site_name\" content=\"rpettableware.com\" \/>\n<meta property=\"article:modified_time\" content=\"2026-04-09T08:27:21+00:00\" \/>\n<meta property=\"og:image\" content=\"https:\/\/rpettableware.com\/wp-content\/uploads\/2026\/03\/CK15153B2.jpg\" \/>\n\t<meta property=\"og:image:width\" content=\"800\" \/>\n\t<meta property=\"og:image:height\" content=\"800\" \/>\n\t<meta property=\"og:image:type\" content=\"image\/jpeg\" \/>\n<meta name=\"twitter:card\" content=\"summary_large_image\" \/>\n<meta name=\"twitter:label1\" content=\"Tahmini okuma s\u00fcresi\" \/>\n\t<meta name=\"twitter:data1\" content=\"1 dakika\" \/>\n<script type=\"application\/ld+json\" class=\"yoast-schema-graph\">{\"@context\":\"https:\\\/\\\/schema.org\",\"@graph\":[{\"@type\":\"WebPage\",\"@id\":\"https:\\\/\\\/rpettableware.com\\\/product\\\/clear-u-shaped-rpet-storage-tray-with-handles\\\/\",\"url\":\"https:\\\/\\\/rpettableware.com\\\/product\\\/clear-u-shaped-rpet-storage-tray-with-handles\\\/\",\"name\":\"U-Shaped Clear rPET Storage Tray with Side handles - rpettableware.com\",\"isPartOf\":{\"@id\":\"https:\\\/\\\/rpettableware.com\\\/#website\"},\"primaryImageOfPage\":{\"@id\":\"https:\\\/\\\/rpettableware.com\\\/product\\\/clear-u-shaped-rpet-storage-tray-with-handles\\\/#primaryimage\"},\"image\":{\"@id\":\"https:\\\/\\\/rpettableware.com\\\/product\\\/clear-u-shaped-rpet-storage-tray-with-handles\\\/#primaryimage\"},\"thumbnailUrl\":\"https:\\\/\\\/rpettableware.com\\\/wp-content\\\/uploads\\\/2026\\\/03\\\/CK15153B2.jpg\",\"datePublished\":\"2026-03-26T09:29:38+00:00\",\"dateModified\":\"2026-04-09T08:27:21+00:00\",\"description\":\"Reimagine corner space. This innovative U-shaped design fits where rectangles can\u2019t, while integrated side handles let you move an entire organized section effortlessly. Built from durable, clear rPET, it keeps items visible and your desk, bench, or vanity perfectly adaptable and clutter-free.\",\"breadcrumb\":{\"@id\":\"https:\\\/\\\/rpettableware.com\\\/product\\\/clear-u-shaped-rpet-storage-tray-with-handles\\\/#breadcrumb\"},\"inLanguage\":\"tr\",\"potentialAction\":[{\"@type\":\"ReadAction\",\"target\":[\"https:\\\/\\\/rpettableware.com\\\/product\\\/clear-u-shaped-rpet-storage-tray-with-handles\\\/\"]}]},{\"@type\":\"ImageObject\",\"inLanguage\":\"tr\",\"@id\":\"https:\\\/\\\/rpettableware.com\\\/product\\\/clear-u-shaped-rpet-storage-tray-with-handles\\\/#primaryimage\",\"url\":\"https:\\\/\\\/rpettableware.com\\\/wp-content\\\/uploads\\\/2026\\\/03\\\/CK15153B2.jpg\",\"contentUrl\":\"https:\\\/\\\/rpettableware.com\\\/wp-content\\\/uploads\\\/2026\\\/03\\\/CK15153B2.jpg\",\"width\":800,\"height\":800},{\"@type\":\"BreadcrumbList\",\"@id\":\"https:\\\/\\\/rpettableware.com\\\/product\\\/clear-u-shaped-rpet-storage-tray-with-handles\\\/#breadcrumb\",\"itemListElement\":[{\"@type\":\"ListItem\",\"position\":1,\"name\":\"\u9996\u9875\",\"item\":\"https:\\\/\\\/rpettableware.com\\\/\"},{\"@type\":\"ListItem\",\"position\":2,\"name\":\"Products\",\"item\":\"https:\\\/\\\/rpettableware.com\\\/shop\\\/\"},{\"@type\":\"ListItem\",\"position\":3,\"name\":\"U-Shaped Clear rPET Storage Tray with Side handles\"}]},{\"@type\":\"WebSite\",\"@id\":\"https:\\\/\\\/rpettableware.com\\\/#website\",\"url\":\"https:\\\/\\\/rpettableware.com\\\/\",\"name\":\"rpettableware.com\",\"description\":\"\",\"publisher\":{\"@id\":\"https:\\\/\\\/rpettableware.com\\\/#organization\"},\"potentialAction\":[{\"@type\":\"SearchAction\",\"target\":{\"@type\":\"EntryPoint\",\"urlTemplate\":\"https:\\\/\\\/rpettableware.com\\\/?s={search_term_string}\"},\"query-input\":{\"@type\":\"PropertyValueSpecification\",\"valueRequired\":true,\"valueName\":\"search_term_string\"}}],\"inLanguage\":\"tr\"},{\"@type\":\"Organization\",\"@id\":\"https:\\\/\\\/rpettableware.com\\\/#organization\",\"name\":\"rpettableware.com\",\"url\":\"https:\\\/\\\/rpettableware.com\\\/\",\"logo\":{\"@type\":\"ImageObject\",\"inLanguage\":\"tr\",\"@id\":\"https:\\\/\\\/rpettableware.com\\\/#\\\/schema\\\/logo\\\/image\\\/\",\"url\":\"https:\\\/\\\/rpettableware.com\\\/wp-content\\\/uploads\\\/2026\\\/01\\\/\u5fae\u4fe1\u56fe\u7247_20260110125128_808_2451-removebg-preview.png\",\"contentUrl\":\"https:\\\/\\\/rpettableware.com\\\/wp-content\\\/uploads\\\/2026\\\/01\\\/\u5fae\u4fe1\u56fe\u7247_20260110125128_808_2451-removebg-preview.png\",\"width\":500,\"height\":500,\"caption\":\"rpettableware.com\"},\"image\":{\"@id\":\"https:\\\/\\\/rpettableware.com\\\/#\\\/schema\\\/logo\\\/image\\\/\"}}]}<\/script>\n<!-- \/ Yoast SEO plugin. -->","yoast_head_json":{"title":"U-Shaped Clear rPET Storage Tray with Side handles - rpettableware.com","description":"Reimagine corner space. This innovative U-shaped design fits where rectangles can\u2019t, while integrated side handles let you move an entire organized section effortlessly. Built from durable, clear rPET, it keeps items visible and your desk, bench, or vanity perfectly adaptable and clutter-free.","robots":{"index":"index","follow":"follow","max-snippet":"max-snippet:-1","max-image-preview":"max-image-preview:large","max-video-preview":"max-video-preview:-1"},"canonical":"https:\/\/rpettableware.com\/tr\/urun\/clear-u-shaped-rpet-storage-tray-with-handles\/","og_locale":"tr_TR","og_type":"article","og_title":"U-Shaped Clear rPET Storage Tray with Side handles - rpettableware.com","og_description":"Reimagine corner space. This innovative U-shaped design fits where rectangles can\u2019t, while integrated side handles let you move an entire organized section effortlessly. Built from durable, clear rPET, it keeps items visible and your desk, bench, or vanity perfectly adaptable and clutter-free.","og_url":"https:\/\/rpettableware.com\/tr\/urun\/clear-u-shaped-rpet-storage-tray-with-handles\/","og_site_name":"rpettableware.com","article_modified_time":"2026-04-09T08:27:21+00:00","og_image":[{"width":800,"height":800,"url":"https:\/\/rpettableware.com\/wp-content\/uploads\/2026\/03\/CK15153B2.jpg","type":"image\/jpeg"}],"twitter_card":"summary_large_image","twitter_misc":{"Tahmini okuma s\u00fcresi":"1 dakika"},"schema":{"@context":"https:\/\/schema.org","@graph":[{"@type":"WebPage","@id":"https:\/\/rpettableware.com\/product\/clear-u-shaped-rpet-storage-tray-with-handles\/","url":"https:\/\/rpettableware.com\/product\/clear-u-shaped-rpet-storage-tray-with-handles\/","name":"U-Shaped Clear rPET Storage Tray with Side handles - rpettableware.com","isPartOf":{"@id":"https:\/\/rpettableware.com\/#website"},"primaryImageOfPage":{"@id":"https:\/\/rpettableware.com\/product\/clear-u-shaped-rpet-storage-tray-with-handles\/#primaryimage"},"image":{"@id":"https:\/\/rpettableware.com\/product\/clear-u-shaped-rpet-storage-tray-with-handles\/#primaryimage"},"thumbnailUrl":"https:\/\/rpettableware.com\/wp-content\/uploads\/2026\/03\/CK15153B2.jpg","datePublished":"2026-03-26T09:29:38+00:00","dateModified":"2026-04-09T08:27:21+00:00","description":"Reimagine corner space. This innovative U-shaped design fits where rectangles can\u2019t, while integrated side handles let you move an entire organized section effortlessly. Built from durable, clear rPET, it keeps items visible and your desk, bench, or vanity perfectly adaptable and clutter-free.","breadcrumb":{"@id":"https:\/\/rpettableware.com\/product\/clear-u-shaped-rpet-storage-tray-with-handles\/#breadcrumb"},"inLanguage":"tr","potentialAction":[{"@type":"ReadAction","target":["https:\/\/rpettableware.com\/product\/clear-u-shaped-rpet-storage-tray-with-handles\/"]}]},{"@type":"ImageObject","inLanguage":"tr","@id":"https:\/\/rpettableware.com\/product\/clear-u-shaped-rpet-storage-tray-with-handles\/#primaryimage","url":"https:\/\/rpettableware.com\/wp-content\/uploads\/2026\/03\/CK15153B2.jpg","contentUrl":"https:\/\/rpettableware.com\/wp-content\/uploads\/2026\/03\/CK15153B2.jpg","width":800,"height":800},{"@type":"BreadcrumbList","@id":"https:\/\/rpettableware.com\/product\/clear-u-shaped-rpet-storage-tray-with-handles\/#breadcrumb","itemListElement":[{"@type":"ListItem","position":1,"name":"\u9996\u9875","item":"https:\/\/rpettableware.com\/"},{"@type":"ListItem","position":2,"name":"Products","item":"https:\/\/rpettableware.com\/shop\/"},{"@type":"ListItem","position":3,"name":"U-Shaped Clear rPET Storage Tray with Side handles"}]},{"@type":"WebSite","@id":"https:\/\/rpettableware.com\/#website","url":"https:\/\/rpettableware.com\/","name":"rpettableware.com","description":"","publisher":{"@id":"https:\/\/rpettableware.com\/#organization"},"potentialAction":[{"@type":"SearchAction","target":{"@type":"EntryPoint","urlTemplate":"https:\/\/rpettableware.com\/?s={search_term_string}"},"query-input":{"@type":"PropertyValueSpecification","valueRequired":true,"valueName":"search_term_string"}}],"inLanguage":"tr"},{"@type":"Organization","@id":"https:\/\/rpettableware.com\/#organization","name":"rpettableware.com","url":"https:\/\/rpettableware.com\/","logo":{"@type":"ImageObject","inLanguage":"tr","@id":"https:\/\/rpettableware.com\/#\/schema\/logo\/image\/","url":"https:\/\/rpettableware.com\/wp-content\/uploads\/2026\/01\/\u5fae\u4fe1\u56fe\u7247_20260110125128_808_2451-removebg-preview.png","contentUrl":"https:\/\/rpettableware.com\/wp-content\/uploads\/2026\/01\/\u5fae\u4fe1\u56fe\u7247_20260110125128_808_2451-removebg-preview.png","width":500,"height":500,"caption":"rpettableware.com"},"image":{"@id":"https:\/\/rpettableware.com\/#\/schema\/logo\/image\/"}}]}},"_links":{"self":[{"href":"https:\/\/rpettableware.com\/tr\/wp-json\/wp\/v2\/product\/2054","targetHints":{"allow":["GET"]}}],"collection":[{"href":"https:\/\/rpettableware.com\/tr\/wp-json\/wp\/v2\/product"}],"about":[{"href":"https:\/\/rpettableware.com\/tr\/wp-json\/wp\/v2\/types\/product"}],"replies":[{"embeddable":true,"href":"https:\/\/rpettableware.com\/tr\/wp-json\/wp\/v2\/comments?post=2054"}],"wp:featuredmedia":[{"embeddable":true,"href":"https:\/\/rpettableware.com\/tr\/wp-json\/wp\/v2\/media\/2057"}],"wp:attachment":[{"href":"https:\/\/rpettableware.com\/tr\/wp-json\/wp\/v2\/media?parent=2054"}],"wp:term":[{"taxonomy":"product_brand","embeddable":true,"href":"https:\/\/rpettableware.com\/tr\/wp-json\/wp\/v2\/product_brand?post=2054"},{"taxonomy":"product_cat","embeddable":true,"href":"https:\/\/rpettableware.com\/tr\/wp-json\/wp\/v2\/product_cat?post=2054"},{"taxonomy":"product_tag","embeddable":true,"href":"https:\/\/rpettableware.com\/tr\/wp-json\/wp\/v2\/product_tag?post=2054"}],"curies":[{"name":"wp","href":"https:\/\/api.w.org\/{rel}","templated":true}]}}