{"id":2165,"date":"2026-03-30T06:13:00","date_gmt":"2026-03-30T06:13:00","guid":{"rendered":"https:\/\/rpettableware.com\/?post_type=product&#038;p=2165"},"modified":"2026-04-09T08:08:20","modified_gmt":"2026-04-09T08:08:20","slug":"3-pack-rpet-7800ml-airtight-leakproof-freezer-fridge-storage-bins","status":"publish","type":"product","link":"https:\/\/rpettableware.com\/tr\/urun\/3-pack-rpet-7800ml-airtight-leakproof-freezer-fridge-storage-bins\/","title":{"rendered":"rPET 3-Pack Rectangle 7800ml Air-Tight BPA Free Leak-Proof Freezer Safe Hanging Fridge Food Storage Bins"},"content":{"rendered":"<table>\n<tbody>\n<tr>\n<td width=\"1136\"><strong><b>\u00d6ZELL\u0130KLER:<\/b><\/strong><\/td>\n<\/tr>\n<tr>\n<td width=\"1136\">1. Tamamen \u015feffaf bir g\u00f6vdeye sahiptir, 3 adet yiyecek kutusu 1 raf ile birlikte gelir.<\/td>\n<\/tr>\n<tr>\n<td width=\"1136\">2. Raf, \u00f6nerilen levha kal\u0131nl\u0131\u011f\u0131 2 cm'den az olan dolap kapaklar\u0131na, raflara veya buzdolaplar\u0131na monte edilebilir.<\/td>\n<\/tr>\n<tr>\n<td width=\"1136\">3. G\u0131da kaplar\u0131, silikon contal\u0131 \u015feffaf bir pres kapa\u011fa sahiptir, bu da onlar\u0131 koku ge\u00e7irmez, nem ge\u00e7irmez, b\u00f6cek ge\u00e7irmez ve toz ge\u00e7irmez hale getirir.<\/td>\n<\/tr>\n<tr>\n<td width=\"1136\">4. S\u0131cakl\u0131k tolerans\u0131: -20 \u2103 ila 60 \u2103.<\/td>\n<\/tr>\n<tr>\n<td width=\"1136\">5. G\u0131da g\u00fcvenli testi LFGB ve FDA'n\u0131n y\u00fcksek stabilitesi.<\/td>\n<\/tr>\n<tr>\n<td width=\"1136\">6. Renk, talep edilen renge g\u00f6re \u00f6zelle\u015ftirilebilir. Bununla birlikte, basit ve \u00e7ok y\u00f6nl\u00fc \u015feffaf renksiz kutu ve beyaz raf en \u00e7ok satan se\u00e7enektir.<\/td>\n<\/tr>\n<tr>\n<td width=\"1136\">7. Mikrodalga veya bula\u015f\u0131k makinesinde kullanmay\u0131n.<\/td>\n<\/tr>\n<tr>\n<td width=\"1136\">8. Tah\u0131l, f\u0131nd\u0131k, kahve kutular\u0131 vb. yiyecekleri saklamak i\u00e7in \u00f6nerilir.<\/td>\n<\/tr>\n<tr>\n<td width=\"1136\">9. Enerji verimlili\u011fi, emisyon azalt\u0131m\u0131 ve kaynaklar\u0131n yeniden kullan\u0131m\u0131 gibi ye\u015fil felsefeyle uyumludur.<\/td>\n<\/tr>\n<tr>\n<td width=\"1136\">10. Enerji tasarrufu, emisyon azalt\u0131m\u0131 ve d\u00f6ng\u00fcsel kullan\u0131m gibi kavramlar i\u00e7in m\u00fckemmel uyum sa\u011flar.<\/td>\n<\/tr>\n<\/tbody>\n<\/table>\n<p><img fetchpriority=\"high\" decoding=\"async\" class=\"aligncenter wp-image-2135 size-full\" src=\"https:\/\/rpettableware.com\/wp-content\/uploads\/2026\/03\/CK151621.jpg\" alt=\"\" width=\"790\" height=\"1392\" srcset=\"https:\/\/rpettableware.com\/wp-content\/uploads\/2026\/03\/CK151621.jpg 790w, https:\/\/rpettableware.com\/wp-content\/uploads\/2026\/03\/CK151621-170x300.jpg 170w, https:\/\/rpettableware.com\/wp-content\/uploads\/2026\/03\/CK151621-581x1024.jpg 581w, https:\/\/rpettableware.com\/wp-content\/uploads\/2026\/03\/CK151621-768x1353.jpg 768w, https:\/\/rpettableware.com\/wp-content\/uploads\/2026\/03\/CK151621-7x12.jpg 7w, https:\/\/rpettableware.com\/wp-content\/uploads\/2026\/03\/CK151621-600x1057.jpg 600w\" sizes=\"(max-width: 790px) 100vw, 790px\" \/><\/p>\n<p><img decoding=\"async\" class=\"aligncenter wp-image-2136 size-full\" src=\"https:\/\/rpettableware.com\/wp-content\/uploads\/2026\/03\/CK151622.jpg\" alt=\"\" width=\"790\" height=\"1544\" srcset=\"https:\/\/rpettableware.com\/wp-content\/uploads\/2026\/03\/CK151622.jpg 790w, https:\/\/rpettableware.com\/wp-content\/uploads\/2026\/03\/CK151622-153x300.jpg 153w, https:\/\/rpettableware.com\/wp-content\/uploads\/2026\/03\/CK151622-524x1024.jpg 524w, https:\/\/rpettableware.com\/wp-content\/uploads\/2026\/03\/CK151622-768x1501.jpg 768w, https:\/\/rpettableware.com\/wp-content\/uploads\/2026\/03\/CK151622-786x1536.jpg 786w, https:\/\/rpettableware.com\/wp-content\/uploads\/2026\/03\/CK151622-6x12.jpg 6w, https:\/\/rpettableware.com\/wp-content\/uploads\/2026\/03\/CK151622-600x1173.jpg 600w\" sizes=\"(max-width: 790px) 100vw, 790px\" \/><\/p>\n<p><img decoding=\"async\" class=\"aligncenter wp-image-2137 size-full\" src=\"https:\/\/rpettableware.com\/wp-content\/uploads\/2026\/03\/CK151623.jpg\" alt=\"\" width=\"790\" height=\"1248\" srcset=\"https:\/\/rpettableware.com\/wp-content\/uploads\/2026\/03\/CK151623.jpg 790w, https:\/\/rpettableware.com\/wp-content\/uploads\/2026\/03\/CK151623-190x300.jpg 190w, https:\/\/rpettableware.com\/wp-content\/uploads\/2026\/03\/CK151623-648x1024.jpg 648w, https:\/\/rpettableware.com\/wp-content\/uploads\/2026\/03\/CK151623-768x1213.jpg 768w, https:\/\/rpettableware.com\/wp-content\/uploads\/2026\/03\/CK151623-8x12.jpg 8w, https:\/\/rpettableware.com\/wp-content\/uploads\/2026\/03\/CK151623-600x948.jpg 600w\" sizes=\"(max-width: 790px) 100vw, 790px\" \/><\/p>\n<p><img loading=\"lazy\" decoding=\"async\" class=\"aligncenter wp-image-2138 size-full\" src=\"https:\/\/rpettableware.com\/wp-content\/uploads\/2026\/03\/CK151624.jpg\" alt=\"\" width=\"790\" height=\"979\" srcset=\"https:\/\/rpettableware.com\/wp-content\/uploads\/2026\/03\/CK151624.jpg 790w, https:\/\/rpettableware.com\/wp-content\/uploads\/2026\/03\/CK151624-242x300.jpg 242w, https:\/\/rpettableware.com\/wp-content\/uploads\/2026\/03\/CK151624-768x952.jpg 768w, https:\/\/rpettableware.com\/wp-content\/uploads\/2026\/03\/CK151624-10x12.jpg 10w, https:\/\/rpettableware.com\/wp-content\/uploads\/2026\/03\/CK151624-600x744.jpg 600w\" sizes=\"(max-width: 790px) 100vw, 790px\" \/><\/p>\n<p><img loading=\"lazy\" decoding=\"async\" class=\"aligncenter wp-image-2139 size-full\" src=\"https:\/\/rpettableware.com\/wp-content\/uploads\/2026\/03\/CK151625.jpg\" alt=\"\" width=\"790\" height=\"2187\" srcset=\"https:\/\/rpettableware.com\/wp-content\/uploads\/2026\/03\/CK151625.jpg 790w, https:\/\/rpettableware.com\/wp-content\/uploads\/2026\/03\/CK151625-108x300.jpg 108w, https:\/\/rpettableware.com\/wp-content\/uploads\/2026\/03\/CK151625-370x1024.jpg 370w, https:\/\/rpettableware.com\/wp-content\/uploads\/2026\/03\/CK151625-768x2126.jpg 768w, https:\/\/rpettableware.com\/wp-content\/uploads\/2026\/03\/CK151625-555x1536.jpg 555w, https:\/\/rpettableware.com\/wp-content\/uploads\/2026\/03\/CK151625-740x2048.jpg 740w, https:\/\/rpettableware.com\/wp-content\/uploads\/2026\/03\/CK151625-4x12.jpg 4w, https:\/\/rpettableware.com\/wp-content\/uploads\/2026\/03\/CK151625-600x1661.jpg 600w\" sizes=\"(max-width: 790px) 100vw, 790px\" \/><\/p>\n<p><img loading=\"lazy\" decoding=\"async\" class=\"aligncenter wp-image-2140 size-full\" src=\"https:\/\/rpettableware.com\/wp-content\/uploads\/2026\/03\/CK151626.jpg\" alt=\"\" width=\"790\" height=\"1166\" srcset=\"https:\/\/rpettableware.com\/wp-content\/uploads\/2026\/03\/CK151626.jpg 790w, https:\/\/rpettableware.com\/wp-content\/uploads\/2026\/03\/CK151626-203x300.jpg 203w, https:\/\/rpettableware.com\/wp-content\/uploads\/2026\/03\/CK151626-694x1024.jpg 694w, https:\/\/rpettableware.com\/wp-content\/uploads\/2026\/03\/CK151626-768x1134.jpg 768w, https:\/\/rpettableware.com\/wp-content\/uploads\/2026\/03\/CK151626-8x12.jpg 8w, https:\/\/rpettableware.com\/wp-content\/uploads\/2026\/03\/CK151626-600x886.jpg 600w\" sizes=\"(max-width: 790px) 100vw, 790px\" \/><\/p>\n<p><img loading=\"lazy\" decoding=\"async\" class=\"aligncenter wp-image-2141 size-full\" src=\"https:\/\/rpettableware.com\/wp-content\/uploads\/2026\/03\/CK151627.jpg\" alt=\"\" width=\"790\" height=\"885\" srcset=\"https:\/\/rpettableware.com\/wp-content\/uploads\/2026\/03\/CK151627.jpg 790w, https:\/\/rpettableware.com\/wp-content\/uploads\/2026\/03\/CK151627-268x300.jpg 268w, https:\/\/rpettableware.com\/wp-content\/uploads\/2026\/03\/CK151627-768x860.jpg 768w, https:\/\/rpettableware.com\/wp-content\/uploads\/2026\/03\/CK151627-11x12.jpg 11w, https:\/\/rpettableware.com\/wp-content\/uploads\/2026\/03\/CK151627-600x672.jpg 600w\" sizes=\"(max-width: 790px) 100vw, 790px\" \/><\/p>\n<p><img loading=\"lazy\" decoding=\"async\" class=\"aligncenter wp-image-2142 size-full\" src=\"https:\/\/rpettableware.com\/wp-content\/uploads\/2026\/03\/CK151628.jpg\" alt=\"\" width=\"790\" height=\"896\" srcset=\"https:\/\/rpettableware.com\/wp-content\/uploads\/2026\/03\/CK151628.jpg 790w, https:\/\/rpettableware.com\/wp-content\/uploads\/2026\/03\/CK151628-265x300.jpg 265w, https:\/\/rpettableware.com\/wp-content\/uploads\/2026\/03\/CK151628-768x871.jpg 768w, https:\/\/rpettableware.com\/wp-content\/uploads\/2026\/03\/CK151628-11x12.jpg 11w, https:\/\/rpettableware.com\/wp-content\/uploads\/2026\/03\/CK151628-600x681.jpg 600w\" sizes=\"(max-width: 790px) 100vw, 790px\" \/><\/p>\n<p><img loading=\"lazy\" decoding=\"async\" class=\"aligncenter wp-image-2143 size-full\" src=\"https:\/\/rpettableware.com\/wp-content\/uploads\/2026\/03\/CK151629.jpg\" alt=\"\" width=\"790\" height=\"800\" srcset=\"https:\/\/rpettableware.com\/wp-content\/uploads\/2026\/03\/CK151629.jpg 790w, https:\/\/rpettableware.com\/wp-content\/uploads\/2026\/03\/CK151629-296x300.jpg 296w, https:\/\/rpettableware.com\/wp-content\/uploads\/2026\/03\/CK151629-768x778.jpg 768w, https:\/\/rpettableware.com\/wp-content\/uploads\/2026\/03\/CK151629-12x12.jpg 12w, https:\/\/rpettableware.com\/wp-content\/uploads\/2026\/03\/CK151629-600x608.jpg 600w, https:\/\/rpettableware.com\/wp-content\/uploads\/2026\/03\/CK151629-100x100.jpg 100w\" sizes=\"(max-width: 790px) 100vw, 790px\" \/><\/p>\n<p><img loading=\"lazy\" decoding=\"async\" class=\"aligncenter wp-image-2144 size-full\" src=\"https:\/\/rpettableware.com\/wp-content\/uploads\/2026\/03\/CK1516210.jpg\" alt=\"\" width=\"790\" height=\"1716\" srcset=\"https:\/\/rpettableware.com\/wp-content\/uploads\/2026\/03\/CK1516210.jpg 790w, https:\/\/rpettableware.com\/wp-content\/uploads\/2026\/03\/CK1516210-138x300.jpg 138w, https:\/\/rpettableware.com\/wp-content\/uploads\/2026\/03\/CK1516210-471x1024.jpg 471w, https:\/\/rpettableware.com\/wp-content\/uploads\/2026\/03\/CK1516210-768x1668.jpg 768w, https:\/\/rpettableware.com\/wp-content\/uploads\/2026\/03\/CK1516210-707x1536.jpg 707w, https:\/\/rpettableware.com\/wp-content\/uploads\/2026\/03\/CK1516210-6x12.jpg 6w, https:\/\/rpettableware.com\/wp-content\/uploads\/2026\/03\/CK1516210-600x1303.jpg 600w\" sizes=\"(max-width: 790px) 100vw, 790px\" \/><\/p>\n<p><img loading=\"lazy\" decoding=\"async\" class=\"aligncenter wp-image-2145 size-full\" src=\"https:\/\/rpettableware.com\/wp-content\/uploads\/2026\/03\/CK1516211.jpg\" alt=\"\" width=\"790\" height=\"983\" srcset=\"https:\/\/rpettableware.com\/wp-content\/uploads\/2026\/03\/CK1516211.jpg 790w, https:\/\/rpettableware.com\/wp-content\/uploads\/2026\/03\/CK1516211-241x300.jpg 241w, https:\/\/rpettableware.com\/wp-content\/uploads\/2026\/03\/CK1516211-768x956.jpg 768w, https:\/\/rpettableware.com\/wp-content\/uploads\/2026\/03\/CK1516211-10x12.jpg 10w, https:\/\/rpettableware.com\/wp-content\/uploads\/2026\/03\/CK1516211-600x747.jpg 600w\" sizes=\"(max-width: 790px) 100vw, 790px\" \/><\/p>\n<p><img loading=\"lazy\" decoding=\"async\" class=\"aligncenter wp-image-2146 size-full\" src=\"https:\/\/rpettableware.com\/wp-content\/uploads\/2026\/03\/CK1516212.jpg\" alt=\"\" width=\"790\" height=\"1050\" srcset=\"https:\/\/rpettableware.com\/wp-content\/uploads\/2026\/03\/CK1516212.jpg 790w, https:\/\/rpettableware.com\/wp-content\/uploads\/2026\/03\/CK1516212-226x300.jpg 226w, https:\/\/rpettableware.com\/wp-content\/uploads\/2026\/03\/CK1516212-770x1024.jpg 770w, https:\/\/rpettableware.com\/wp-content\/uploads\/2026\/03\/CK1516212-768x1021.jpg 768w, https:\/\/rpettableware.com\/wp-content\/uploads\/2026\/03\/CK1516212-9x12.jpg 9w, https:\/\/rpettableware.com\/wp-content\/uploads\/2026\/03\/CK1516212-600x797.jpg 600w\" sizes=\"(max-width: 790px) 100vw, 790px\" \/><\/p>\n<p><img loading=\"lazy\" decoding=\"async\" class=\"aligncenter wp-image-2147 size-full\" src=\"https:\/\/rpettableware.com\/wp-content\/uploads\/2026\/03\/CK1516213.jpg\" alt=\"\" width=\"790\" height=\"1066\" srcset=\"https:\/\/rpettableware.com\/wp-content\/uploads\/2026\/03\/CK1516213.jpg 790w, https:\/\/rpettableware.com\/wp-content\/uploads\/2026\/03\/CK1516213-222x300.jpg 222w, https:\/\/rpettableware.com\/wp-content\/uploads\/2026\/03\/CK1516213-759x1024.jpg 759w, https:\/\/rpettableware.com\/wp-content\/uploads\/2026\/03\/CK1516213-768x1036.jpg 768w, https:\/\/rpettableware.com\/wp-content\/uploads\/2026\/03\/CK1516213-9x12.jpg 9w, https:\/\/rpettableware.com\/wp-content\/uploads\/2026\/03\/CK1516213-600x810.jpg 600w\" sizes=\"(max-width: 790px) 100vw, 790px\" \/><\/p>\n<p><img loading=\"lazy\" decoding=\"async\" class=\"aligncenter wp-image-2148 size-full\" src=\"https:\/\/rpettableware.com\/wp-content\/uploads\/2026\/03\/CK1516214.jpg\" alt=\"\" width=\"790\" height=\"1056\" srcset=\"https:\/\/rpettableware.com\/wp-content\/uploads\/2026\/03\/CK1516214.jpg 790w, https:\/\/rpettableware.com\/wp-content\/uploads\/2026\/03\/CK1516214-224x300.jpg 224w, https:\/\/rpettableware.com\/wp-content\/uploads\/2026\/03\/CK1516214-766x1024.jpg 766w, https:\/\/rpettableware.com\/wp-content\/uploads\/2026\/03\/CK1516214-768x1027.jpg 768w, https:\/\/rpettableware.com\/wp-content\/uploads\/2026\/03\/CK1516214-9x12.jpg 9w, https:\/\/rpettableware.com\/wp-content\/uploads\/2026\/03\/CK1516214-600x802.jpg 600w\" sizes=\"(max-width: 790px) 100vw, 790px\" \/><\/p>","protected":false},"excerpt":{"rendered":"<p><strong>Asmak i\u00e7in ideal saklama kutular\u0131.<\/strong><\/p>\n<p><strong>Mikrodalga veya bula\u015f\u0131k makinesinde kullanmay\u0131n.<\/strong><\/p>\n<p><strong>G\u0131da g\u00fcvenlidir.<\/strong><\/p>","protected":false},"featured_media":2162,"comment_status":"open","ping_status":"closed","template":"","meta":{"_acf_changed":false},"product_brand":[],"product_cat":[60,59,61,38,39,57],"product_tag":[],"class_list":{"0":"post-2165","1":"product","2":"type-product","3":"status-publish","4":"has-post-thumbnail","6":"product_cat-rpet-storage-container-collection-for-cold-foods-organization","7":"product_cat-find-your-fit-a-guide-to-our-rpet-tableware-grades","8":"product_cat-storage-boxes-organizers-clear-stackable-durable-rpet","9":"product_cat-food-grade-rpet-tableware-material-properties-certifications-reborn","10":"product_cat-rpet-collection-100-recycled-pet-tableware-certified-food-grade-reborn","11":"product_cat-food-containers-airtight-storage-for-meal-prep-leftovers-rpet","13":"first","14":"instock","15":"shipping-taxable","16":"product-type-simple"},"acf":[],"yoast_head":"<!-- This site is optimized with the Yoast SEO plugin v27.3 - https:\/\/yoast.com\/product\/yoast-seo-wordpress\/ -->\n<title>rPET 3-Pack Rectangle 7800ml Air-Tight BPA Free Leak-Proof Freezer Safe Hanging Fridge Food Storage Bins - rpettableware.com<\/title>\n<meta name=\"description\" content=\"The ultimate fridge &amp; freezer organization solution. This 3-pack of large 7800ml bins is BPA-free, 100% airtight and leak-proof. Features include hanging lids for space-saving, freezer-safe durability, and crystal-clear rPET construction. Perfect for bulk meal prep, maximizing storage, and eliminating odors.\" \/>\n<meta name=\"robots\" content=\"index, follow, max-snippet:-1, max-image-preview:large, max-video-preview:-1\" \/>\n<link rel=\"canonical\" href=\"https:\/\/rpettableware.com\/tr\/urun\/3-pack-rpet-7800ml-airtight-leakproof-freezer-fridge-storage-bins\/\" \/>\n<meta property=\"og:locale\" content=\"tr_TR\" \/>\n<meta property=\"og:type\" content=\"article\" \/>\n<meta property=\"og:title\" content=\"rPET 3-Pack Rectangle 7800ml Air-Tight BPA Free Leak-Proof Freezer Safe Hanging Fridge Food Storage Bins - rpettableware.com\" \/>\n<meta property=\"og:description\" content=\"The ultimate fridge &amp; freezer organization solution. This 3-pack of large 7800ml bins is BPA-free, 100% airtight and leak-proof. Features include hanging lids for space-saving, freezer-safe durability, and crystal-clear rPET construction. Perfect for bulk meal prep, maximizing storage, and eliminating odors.\" \/>\n<meta property=\"og:url\" content=\"https:\/\/rpettableware.com\/tr\/urun\/3-pack-rpet-7800ml-airtight-leakproof-freezer-fridge-storage-bins\/\" \/>\n<meta property=\"og:site_name\" content=\"rpettableware.com\" \/>\n<meta property=\"article:modified_time\" content=\"2026-04-09T08:08:20+00:00\" \/>\n<meta property=\"og:image\" content=\"https:\/\/rpettableware.com\/wp-content\/uploads\/2026\/03\/CK15162-C1.jpg\" \/>\n\t<meta property=\"og:image:width\" content=\"800\" \/>\n\t<meta property=\"og:image:height\" content=\"800\" \/>\n\t<meta property=\"og:image:type\" content=\"image\/jpeg\" \/>\n<meta name=\"twitter:card\" content=\"summary_large_image\" \/>\n<meta name=\"twitter:label1\" content=\"Tahmini okuma s\u00fcresi\" \/>\n\t<meta name=\"twitter:data1\" content=\"4 dakika\" \/>\n<script type=\"application\/ld+json\" class=\"yoast-schema-graph\">{\"@context\":\"https:\\\/\\\/schema.org\",\"@graph\":[{\"@type\":\"WebPage\",\"@id\":\"https:\\\/\\\/rpettableware.com\\\/product\\\/3-pack-rpet-7800ml-airtight-leakproof-freezer-fridge-storage-bins\\\/\",\"url\":\"https:\\\/\\\/rpettableware.com\\\/product\\\/3-pack-rpet-7800ml-airtight-leakproof-freezer-fridge-storage-bins\\\/\",\"name\":\"rPET 3-Pack Rectangle 7800ml Air-Tight BPA Free Leak-Proof Freezer Safe Hanging Fridge Food Storage Bins - rpettableware.com\",\"isPartOf\":{\"@id\":\"https:\\\/\\\/rpettableware.com\\\/#website\"},\"primaryImageOfPage\":{\"@id\":\"https:\\\/\\\/rpettableware.com\\\/product\\\/3-pack-rpet-7800ml-airtight-leakproof-freezer-fridge-storage-bins\\\/#primaryimage\"},\"image\":{\"@id\":\"https:\\\/\\\/rpettableware.com\\\/product\\\/3-pack-rpet-7800ml-airtight-leakproof-freezer-fridge-storage-bins\\\/#primaryimage\"},\"thumbnailUrl\":\"https:\\\/\\\/rpettableware.com\\\/wp-content\\\/uploads\\\/2026\\\/03\\\/CK15162-C1.jpg\",\"datePublished\":\"2026-03-30T06:13:00+00:00\",\"dateModified\":\"2026-04-09T08:08:20+00:00\",\"description\":\"The ultimate fridge & freezer organization solution. This 3-pack of large 7800ml bins is BPA-free, 100% airtight and leak-proof. Features include hanging lids for space-saving, freezer-safe durability, and crystal-clear rPET construction. Perfect for bulk meal prep, maximizing storage, and eliminating odors.\",\"breadcrumb\":{\"@id\":\"https:\\\/\\\/rpettableware.com\\\/product\\\/3-pack-rpet-7800ml-airtight-leakproof-freezer-fridge-storage-bins\\\/#breadcrumb\"},\"inLanguage\":\"tr\",\"potentialAction\":[{\"@type\":\"ReadAction\",\"target\":[\"https:\\\/\\\/rpettableware.com\\\/product\\\/3-pack-rpet-7800ml-airtight-leakproof-freezer-fridge-storage-bins\\\/\"]}]},{\"@type\":\"ImageObject\",\"inLanguage\":\"tr\",\"@id\":\"https:\\\/\\\/rpettableware.com\\\/product\\\/3-pack-rpet-7800ml-airtight-leakproof-freezer-fridge-storage-bins\\\/#primaryimage\",\"url\":\"https:\\\/\\\/rpettableware.com\\\/wp-content\\\/uploads\\\/2026\\\/03\\\/CK15162-C1.jpg\",\"contentUrl\":\"https:\\\/\\\/rpettableware.com\\\/wp-content\\\/uploads\\\/2026\\\/03\\\/CK15162-C1.jpg\",\"width\":800,\"height\":800},{\"@type\":\"BreadcrumbList\",\"@id\":\"https:\\\/\\\/rpettableware.com\\\/product\\\/3-pack-rpet-7800ml-airtight-leakproof-freezer-fridge-storage-bins\\\/#breadcrumb\",\"itemListElement\":[{\"@type\":\"ListItem\",\"position\":1,\"name\":\"\u9996\u9875\",\"item\":\"https:\\\/\\\/rpettableware.com\\\/\"},{\"@type\":\"ListItem\",\"position\":2,\"name\":\"Products\",\"item\":\"https:\\\/\\\/rpettableware.com\\\/shop\\\/\"},{\"@type\":\"ListItem\",\"position\":3,\"name\":\"rPET 3-Pack Rectangle 7800ml Air-Tight BPA Free Leak-Proof Freezer Safe Hanging Fridge Food Storage Bins\"}]},{\"@type\":\"WebSite\",\"@id\":\"https:\\\/\\\/rpettableware.com\\\/#website\",\"url\":\"https:\\\/\\\/rpettableware.com\\\/\",\"name\":\"rpettableware.com\",\"description\":\"\",\"publisher\":{\"@id\":\"https:\\\/\\\/rpettableware.com\\\/#organization\"},\"potentialAction\":[{\"@type\":\"SearchAction\",\"target\":{\"@type\":\"EntryPoint\",\"urlTemplate\":\"https:\\\/\\\/rpettableware.com\\\/?s={search_term_string}\"},\"query-input\":{\"@type\":\"PropertyValueSpecification\",\"valueRequired\":true,\"valueName\":\"search_term_string\"}}],\"inLanguage\":\"tr\"},{\"@type\":\"Organization\",\"@id\":\"https:\\\/\\\/rpettableware.com\\\/#organization\",\"name\":\"rpettableware.com\",\"url\":\"https:\\\/\\\/rpettableware.com\\\/\",\"logo\":{\"@type\":\"ImageObject\",\"inLanguage\":\"tr\",\"@id\":\"https:\\\/\\\/rpettableware.com\\\/#\\\/schema\\\/logo\\\/image\\\/\",\"url\":\"https:\\\/\\\/rpettableware.com\\\/wp-content\\\/uploads\\\/2026\\\/01\\\/\u5fae\u4fe1\u56fe\u7247_20260110125128_808_2451-removebg-preview.png\",\"contentUrl\":\"https:\\\/\\\/rpettableware.com\\\/wp-content\\\/uploads\\\/2026\\\/01\\\/\u5fae\u4fe1\u56fe\u7247_20260110125128_808_2451-removebg-preview.png\",\"width\":500,\"height\":500,\"caption\":\"rpettableware.com\"},\"image\":{\"@id\":\"https:\\\/\\\/rpettableware.com\\\/#\\\/schema\\\/logo\\\/image\\\/\"}}]}<\/script>\n<!-- \/ Yoast SEO plugin. -->","yoast_head_json":{"title":"rPET 3-Pack Rectangle 7800ml Air-Tight BPA Free Leak-Proof Freezer Safe Hanging Fridge Food Storage Bins - rpettableware.com","description":"The ultimate fridge & freezer organization solution. This 3-pack of large 7800ml bins is BPA-free, 100% airtight and leak-proof. Features include hanging lids for space-saving, freezer-safe durability, and crystal-clear rPET construction. Perfect for bulk meal prep, maximizing storage, and eliminating odors.","robots":{"index":"index","follow":"follow","max-snippet":"max-snippet:-1","max-image-preview":"max-image-preview:large","max-video-preview":"max-video-preview:-1"},"canonical":"https:\/\/rpettableware.com\/tr\/urun\/3-pack-rpet-7800ml-airtight-leakproof-freezer-fridge-storage-bins\/","og_locale":"tr_TR","og_type":"article","og_title":"rPET 3-Pack Rectangle 7800ml Air-Tight BPA Free Leak-Proof Freezer Safe Hanging Fridge Food Storage Bins - rpettableware.com","og_description":"The ultimate fridge & freezer organization solution. This 3-pack of large 7800ml bins is BPA-free, 100% airtight and leak-proof. Features include hanging lids for space-saving, freezer-safe durability, and crystal-clear rPET construction. Perfect for bulk meal prep, maximizing storage, and eliminating odors.","og_url":"https:\/\/rpettableware.com\/tr\/urun\/3-pack-rpet-7800ml-airtight-leakproof-freezer-fridge-storage-bins\/","og_site_name":"rpettableware.com","article_modified_time":"2026-04-09T08:08:20+00:00","og_image":[{"width":800,"height":800,"url":"https:\/\/rpettableware.com\/wp-content\/uploads\/2026\/03\/CK15162-C1.jpg","type":"image\/jpeg"}],"twitter_card":"summary_large_image","twitter_misc":{"Tahmini okuma s\u00fcresi":"4 dakika"},"schema":{"@context":"https:\/\/schema.org","@graph":[{"@type":"WebPage","@id":"https:\/\/rpettableware.com\/product\/3-pack-rpet-7800ml-airtight-leakproof-freezer-fridge-storage-bins\/","url":"https:\/\/rpettableware.com\/product\/3-pack-rpet-7800ml-airtight-leakproof-freezer-fridge-storage-bins\/","name":"rPET 3-Pack Rectangle 7800ml Air-Tight BPA Free Leak-Proof Freezer Safe Hanging Fridge Food Storage Bins - rpettableware.com","isPartOf":{"@id":"https:\/\/rpettableware.com\/#website"},"primaryImageOfPage":{"@id":"https:\/\/rpettableware.com\/product\/3-pack-rpet-7800ml-airtight-leakproof-freezer-fridge-storage-bins\/#primaryimage"},"image":{"@id":"https:\/\/rpettableware.com\/product\/3-pack-rpet-7800ml-airtight-leakproof-freezer-fridge-storage-bins\/#primaryimage"},"thumbnailUrl":"https:\/\/rpettableware.com\/wp-content\/uploads\/2026\/03\/CK15162-C1.jpg","datePublished":"2026-03-30T06:13:00+00:00","dateModified":"2026-04-09T08:08:20+00:00","description":"The ultimate fridge & freezer organization solution. This 3-pack of large 7800ml bins is BPA-free, 100% airtight and leak-proof. Features include hanging lids for space-saving, freezer-safe durability, and crystal-clear rPET construction. Perfect for bulk meal prep, maximizing storage, and eliminating odors.","breadcrumb":{"@id":"https:\/\/rpettableware.com\/product\/3-pack-rpet-7800ml-airtight-leakproof-freezer-fridge-storage-bins\/#breadcrumb"},"inLanguage":"tr","potentialAction":[{"@type":"ReadAction","target":["https:\/\/rpettableware.com\/product\/3-pack-rpet-7800ml-airtight-leakproof-freezer-fridge-storage-bins\/"]}]},{"@type":"ImageObject","inLanguage":"tr","@id":"https:\/\/rpettableware.com\/product\/3-pack-rpet-7800ml-airtight-leakproof-freezer-fridge-storage-bins\/#primaryimage","url":"https:\/\/rpettableware.com\/wp-content\/uploads\/2026\/03\/CK15162-C1.jpg","contentUrl":"https:\/\/rpettableware.com\/wp-content\/uploads\/2026\/03\/CK15162-C1.jpg","width":800,"height":800},{"@type":"BreadcrumbList","@id":"https:\/\/rpettableware.com\/product\/3-pack-rpet-7800ml-airtight-leakproof-freezer-fridge-storage-bins\/#breadcrumb","itemListElement":[{"@type":"ListItem","position":1,"name":"\u9996\u9875","item":"https:\/\/rpettableware.com\/"},{"@type":"ListItem","position":2,"name":"Products","item":"https:\/\/rpettableware.com\/shop\/"},{"@type":"ListItem","position":3,"name":"rPET 3-Pack Rectangle 7800ml Air-Tight BPA Free Leak-Proof Freezer Safe Hanging Fridge Food Storage Bins"}]},{"@type":"WebSite","@id":"https:\/\/rpettableware.com\/#website","url":"https:\/\/rpettableware.com\/","name":"rpettableware.com","description":"","publisher":{"@id":"https:\/\/rpettableware.com\/#organization"},"potentialAction":[{"@type":"SearchAction","target":{"@type":"EntryPoint","urlTemplate":"https:\/\/rpettableware.com\/?s={search_term_string}"},"query-input":{"@type":"PropertyValueSpecification","valueRequired":true,"valueName":"search_term_string"}}],"inLanguage":"tr"},{"@type":"Organization","@id":"https:\/\/rpettableware.com\/#organization","name":"rpettableware.com","url":"https:\/\/rpettableware.com\/","logo":{"@type":"ImageObject","inLanguage":"tr","@id":"https:\/\/rpettableware.com\/#\/schema\/logo\/image\/","url":"https:\/\/rpettableware.com\/wp-content\/uploads\/2026\/01\/\u5fae\u4fe1\u56fe\u7247_20260110125128_808_2451-removebg-preview.png","contentUrl":"https:\/\/rpettableware.com\/wp-content\/uploads\/2026\/01\/\u5fae\u4fe1\u56fe\u7247_20260110125128_808_2451-removebg-preview.png","width":500,"height":500,"caption":"rpettableware.com"},"image":{"@id":"https:\/\/rpettableware.com\/#\/schema\/logo\/image\/"}}]}},"_links":{"self":[{"href":"https:\/\/rpettableware.com\/tr\/wp-json\/wp\/v2\/product\/2165","targetHints":{"allow":["GET"]}}],"collection":[{"href":"https:\/\/rpettableware.com\/tr\/wp-json\/wp\/v2\/product"}],"about":[{"href":"https:\/\/rpettableware.com\/tr\/wp-json\/wp\/v2\/types\/product"}],"replies":[{"embeddable":true,"href":"https:\/\/rpettableware.com\/tr\/wp-json\/wp\/v2\/comments?post=2165"}],"wp:featuredmedia":[{"embeddable":true,"href":"https:\/\/rpettableware.com\/tr\/wp-json\/wp\/v2\/media\/2162"}],"wp:attachment":[{"href":"https:\/\/rpettableware.com\/tr\/wp-json\/wp\/v2\/media?parent=2165"}],"wp:term":[{"taxonomy":"product_brand","embeddable":true,"href":"https:\/\/rpettableware.com\/tr\/wp-json\/wp\/v2\/product_brand?post=2165"},{"taxonomy":"product_cat","embeddable":true,"href":"https:\/\/rpettableware.com\/tr\/wp-json\/wp\/v2\/product_cat?post=2165"},{"taxonomy":"product_tag","embeddable":true,"href":"https:\/\/rpettableware.com\/tr\/wp-json\/wp\/v2\/product_tag?post=2165"}],"curies":[{"name":"wp","href":"https:\/\/api.w.org\/{rel}","templated":true}]}}